{"id":31135,"date":"2024-03-12T12:38:31","date_gmt":"2024-03-12T11:38:31","guid":{"rendered":"https:\/\/www.promotio.sk\/shop\/nezaraden\u00e9\/sofia\/"},"modified":"2024-03-12T12:40:19","modified_gmt":"2024-03-12T11:40:19","slug":"sofia","status":"publish","type":"product","link":"https:\/\/www.promotio.sk\/sk\/shop\/promo-clothing\/workwear\/horeca\/sofia\/","title":{"rendered":"SOFIA"},"content":{"rendered":"<p>Priliehav\u00e1 d\u00e1mska ko\u0161e\u013ea s kr\u00e1tkym ruk\u00e1vom.<br \/>\n\u00b7 Predn\u00e9 a zadn\u00e9 \u0161\u00edpky.<br \/>\n\u00b7 \u013dav\u00e9 predn\u00e9 vrecko a skryt\u00e1 gomb\u00edkov\u00e1 l\u00e9ga.<br \/>\n\u00b7 Zakriven\u00fd lem.<br \/>\n\u00b7 Jednoduch\u00e1 starostlivos\u0165.<br \/>Zlo\u017eenie: 65 % polyester \/ 35% popel\u00edn bavlna, 130 gsm.<br \/>Pozn\u00e1mky: *Dostupn\u00fd p\u00e1nsky model.<br \/><img decoding=\"async\" src=\"https:\/\/static.gorfactory.es\/pics\/measures\/CM5061.jpg\"><\/p>","protected":false},"excerpt":{"rendered":"<p>Slim-fit short-sleeve shirt for women. \u00b7 Front and back darts. \u00b7 Left front pocket and concealed button placket. \u00b7 Curved<\/p>","protected":false},"featured_media":31136,"comment_status":"open","ping_status":"closed","template":"","meta":[],"product_cat":[564,563],"product_tag":[],"class_list":{"0":"post-31135","1":"product","2":"type-product","3":"status-publish","4":"has-post-thumbnail","6":"product_cat-horeca","7":"product_cat-workwear","9":"first","10":"instock","11":"shipping-taxable","12":"purchasable","13":"product-type-variable"},"_links":{"self":[{"href":"https:\/\/www.promotio.sk\/sk\/wp-json\/wp\/v2\/product\/31135","targetHints":{"allow":["GET"]}}],"collection":[{"href":"https:\/\/www.promotio.sk\/sk\/wp-json\/wp\/v2\/product"}],"about":[{"href":"https:\/\/www.promotio.sk\/sk\/wp-json\/wp\/v2\/types\/product"}],"replies":[{"embeddable":true,"href":"https:\/\/www.promotio.sk\/sk\/wp-json\/wp\/v2\/comments?post=31135"}],"wp:featuredmedia":[{"embeddable":true,"href":"https:\/\/www.promotio.sk\/sk\/wp-json\/wp\/v2\/media\/31136"}],"wp:attachment":[{"href":"https:\/\/www.promotio.sk\/sk\/wp-json\/wp\/v2\/media?parent=31135"}],"wp:term":[{"taxonomy":"product_cat","embeddable":true,"href":"https:\/\/www.promotio.sk\/sk\/wp-json\/wp\/v2\/product_cat?post=31135"},{"taxonomy":"product_tag","embeddable":true,"href":"https:\/\/www.promotio.sk\/sk\/wp-json\/wp\/v2\/product_tag?post=31135"}],"curies":[{"name":"wp","href":"https:\/\/api.w.org\/{rel}","templated":true}]}}