{"id":31103,"date":"2024-03-12T12:35:36","date_gmt":"2024-03-12T11:35:36","guid":{"rendered":"https:\/\/www.promotio.sk\/shop\/nezaraden\u00e9\/explorer\/"},"modified":"2024-03-12T12:37:00","modified_gmt":"2024-03-12T11:37:00","slug":"explorer","status":"publish","type":"product","link":"https:\/\/www.promotio.sk\/sk\/shop\/promo-clothing\/workwear\/horeca\/explorer\/","title":{"rendered":"EXPLORER"},"content":{"rendered":"<p>Bunda s v\u00fdstrihom do V z m\u00e4kk\u00e9ho pre\u0161\u00edvan\u00e9ho materi\u00e1lu.<br \/>\n\u00b7 Predn\u00e9 zap\u00ednanie na p\u00e4\u0165 zodpovedaj\u00facich gomb\u00edkov.<br \/>\n\u00b7 Dve na\u0161it\u00e9 vreck\u00e1.<br \/>\n\u00b7 Man\u017eety a elastick\u00fd p\u00e1s z rebrovanej l\u00e1tky.<br \/>Zlo\u017eenie: 50% visk\u00f3za \/ 28% polyester \/ 22% polyamid, jemn\u00fd \u00faplet, gg 12.<br \/>Pozn\u00e1mky: * Odn\u00edmate\u013en\u00fd \u0161t\u00edtok.<br \/>\n* Koncept duo.<\/p>","protected":false},"excerpt":{"rendered":"<p>V-neck jacket in soft stitch fabric. \u00b7 Front fastening with five matching buttons. \u00b7 Two patch pockets. \u00b7 Cuffs and<\/p>","protected":false},"featured_media":31104,"comment_status":"open","ping_status":"closed","template":"","meta":[],"product_cat":[564,563],"product_tag":[],"class_list":{"0":"post-31103","1":"product","2":"type-product","3":"status-publish","4":"has-post-thumbnail","6":"product_cat-horeca","7":"product_cat-workwear","9":"first","10":"instock","11":"shipping-taxable","12":"purchasable","13":"product-type-variable"},"_links":{"self":[{"href":"https:\/\/www.promotio.sk\/sk\/wp-json\/wp\/v2\/product\/31103","targetHints":{"allow":["GET"]}}],"collection":[{"href":"https:\/\/www.promotio.sk\/sk\/wp-json\/wp\/v2\/product"}],"about":[{"href":"https:\/\/www.promotio.sk\/sk\/wp-json\/wp\/v2\/types\/product"}],"replies":[{"embeddable":true,"href":"https:\/\/www.promotio.sk\/sk\/wp-json\/wp\/v2\/comments?post=31103"}],"wp:featuredmedia":[{"embeddable":true,"href":"https:\/\/www.promotio.sk\/sk\/wp-json\/wp\/v2\/media\/31104"}],"wp:attachment":[{"href":"https:\/\/www.promotio.sk\/sk\/wp-json\/wp\/v2\/media?parent=31103"}],"wp:term":[{"taxonomy":"product_cat","embeddable":true,"href":"https:\/\/www.promotio.sk\/sk\/wp-json\/wp\/v2\/product_cat?post=31103"},{"taxonomy":"product_tag","embeddable":true,"href":"https:\/\/www.promotio.sk\/sk\/wp-json\/wp\/v2\/product_tag?post=31103"}],"curies":[{"name":"wp","href":"https:\/\/api.w.org\/{rel}","templated":true}]}}