{"id":31088,"date":"2024-03-12T12:34:02","date_gmt":"2024-03-12T11:34:02","guid":{"rendered":"https:\/\/www.promotio.sk\/shop\/nezaraden\u00e9\/polux\/"},"modified":"2024-03-12T12:35:34","modified_gmt":"2024-03-12T11:35:34","slug":"polux","status":"publish","type":"product","link":"https:\/\/www.promotio.sk\/sk\/shop\/promo-clothing\/workwear\/highvis\/polux\/","title":{"rendered":"POLUX"},"content":{"rendered":"<p>Vidite\u013en\u00e1 vesta so zipsom.<br \/>\n\u00b7 Dva horizont\u00e1lne dobre vidite\u013en\u00e9 p\u00e1sy na hrudi a<br \/>\n   vertik\u00e1lne na ramen\u00e1ch.<br \/>\n\u00b7 Prieh\u013eadn\u00e9 vrecko na pravej strane hrudi na ID \u0161t\u00edtok.<br \/>Zlo\u017eenie: 100% polyester.<br \/>Pozn\u00e1mky: *Odn\u00edmate\u013en\u00fd \u0161t\u00edtok.<br \/>\nZhoda CE pod\u013ea:<br \/>\nEN ISO 13688:2013\/A1:2021<br \/>\nEN ISO 20471:2013\/A1:2017<br \/>\nTrieda II.<br \/>\n*Rozmer vrecka na \u0161t\u00edtok: 10,5 x 8 cm.<br \/><img decoding=\"async\" src=\"https:\/\/static.gorfactory.es\/pics\/measures\/CC_HOMU.jpg\"><\/p>","protected":false},"excerpt":{"rendered":"<p>High-visibility vest with zip. \u00b7 Two horizontal high-visibility strips on chest and vertical ones on shoulders. \u00b7 Transparent pocket on<\/p>","protected":false},"featured_media":31089,"comment_status":"open","ping_status":"closed","template":"","meta":[],"product_cat":[565,563],"product_tag":[],"class_list":{"0":"post-31088","1":"product","2":"type-product","3":"status-publish","4":"has-post-thumbnail","6":"product_cat-highvis","7":"product_cat-workwear","9":"first","10":"instock","11":"shipping-taxable","12":"purchasable","13":"product-type-variable"},"_links":{"self":[{"href":"https:\/\/www.promotio.sk\/sk\/wp-json\/wp\/v2\/product\/31088","targetHints":{"allow":["GET"]}}],"collection":[{"href":"https:\/\/www.promotio.sk\/sk\/wp-json\/wp\/v2\/product"}],"about":[{"href":"https:\/\/www.promotio.sk\/sk\/wp-json\/wp\/v2\/types\/product"}],"replies":[{"embeddable":true,"href":"https:\/\/www.promotio.sk\/sk\/wp-json\/wp\/v2\/comments?post=31088"}],"wp:featuredmedia":[{"embeddable":true,"href":"https:\/\/www.promotio.sk\/sk\/wp-json\/wp\/v2\/media\/31089"}],"wp:attachment":[{"href":"https:\/\/www.promotio.sk\/sk\/wp-json\/wp\/v2\/media?parent=31088"}],"wp:term":[{"taxonomy":"product_cat","embeddable":true,"href":"https:\/\/www.promotio.sk\/sk\/wp-json\/wp\/v2\/product_cat?post=31088"},{"taxonomy":"product_tag","embeddable":true,"href":"https:\/\/www.promotio.sk\/sk\/wp-json\/wp\/v2\/product_tag?post=31088"}],"curies":[{"name":"wp","href":"https:\/\/api.w.org\/{rel}","templated":true}]}}