{"id":31030,"date":"2024-03-12T12:29:25","date_gmt":"2024-03-12T11:29:25","guid":{"rendered":"https:\/\/www.promotio.sk\/shop\/nezaraden\u00e9\/venera\/"},"modified":"2024-03-12T12:33:58","modified_gmt":"2024-03-12T11:33:58","slug":"venera","status":"publish","type":"product","link":"https:\/\/www.promotio.sk\/sk\/shop\/promo-clothing\/workwear\/industry_services\/venera\/","title":{"rendered":"VENERA"},"content":{"rendered":"<p>Viacvreckov\u00e1 pracovn\u00e1 vesta s v\u00e9\u010dkov\u00fdm v\u00fdstrihom.<br \/>\n\u00b7 Predn\u00fd zips s \u0165aha\u010dom.<br \/>\n\u00b7 Tri n\u00e1prsn\u00e9 vreck\u00e1 s chlop\u0148ou a zap\u00ednan\u00edm na such\u00fd zips.<br \/>\n\u00b7 Horn\u00e9 vrecko s multifunk\u010dn\u00fdm kr\u00fa\u017ekom.<br \/>\n\u00b7 Dve bo\u010dn\u00e9 vreck\u00e1 so zipsom a \u0165ah\u00e1\u010dikom, s dvomi prekr\u00fdvaj\u00facimi sa vreckami s chlop\u0148ou a zap\u00ednan\u00edm na such\u00fd zips.<br \/>\n\u00b7 Dve zadn\u00e9 vreck\u00e1 s chlop\u0148ou a zap\u00ednan\u00edm na such\u00fd zips.<br \/>\n\u00b7 Krk, prieramky a lem s lemom.<br \/>Zlo\u017eenie: 80% polyester \/ 20% bavlna, 200 gsm.<br \/>Pozn\u00e1mky: * Odn\u00edmate\u013en\u00fd \u0161t\u00edtok.<br \/><img decoding=\"async\" src=\"https:\/\/static.gorfactory.es\/pics\/measures\/CC_HOMU.jpg\"><\/p>","protected":false},"excerpt":{"rendered":"<p>Multi-pocket work vest with v-neck. \u00b7 Front zip with puller. \u00b7 Three chest pockets with flap and velcro fastening. \u00b7<\/p>","protected":false},"featured_media":31031,"comment_status":"open","ping_status":"closed","template":"","meta":[],"product_cat":[566,563],"product_tag":[],"class_list":{"0":"post-31030","1":"product","2":"type-product","3":"status-publish","4":"has-post-thumbnail","6":"product_cat-industry_services","7":"product_cat-workwear","9":"first","10":"instock","11":"shipping-taxable","12":"purchasable","13":"product-type-variable"},"_links":{"self":[{"href":"https:\/\/www.promotio.sk\/sk\/wp-json\/wp\/v2\/product\/31030","targetHints":{"allow":["GET"]}}],"collection":[{"href":"https:\/\/www.promotio.sk\/sk\/wp-json\/wp\/v2\/product"}],"about":[{"href":"https:\/\/www.promotio.sk\/sk\/wp-json\/wp\/v2\/types\/product"}],"replies":[{"embeddable":true,"href":"https:\/\/www.promotio.sk\/sk\/wp-json\/wp\/v2\/comments?post=31030"}],"wp:featuredmedia":[{"embeddable":true,"href":"https:\/\/www.promotio.sk\/sk\/wp-json\/wp\/v2\/media\/31031"}],"wp:attachment":[{"href":"https:\/\/www.promotio.sk\/sk\/wp-json\/wp\/v2\/media?parent=31030"}],"wp:term":[{"taxonomy":"product_cat","embeddable":true,"href":"https:\/\/www.promotio.sk\/sk\/wp-json\/wp\/v2\/product_cat?post=31030"},{"taxonomy":"product_tag","embeddable":true,"href":"https:\/\/www.promotio.sk\/sk\/wp-json\/wp\/v2\/product_tag?post=31030"}],"curies":[{"name":"wp","href":"https:\/\/api.w.org\/{rel}","templated":true}]}}