{"id":30969,"date":"2024-03-12T12:24:21","date_gmt":"2024-03-12T11:24:21","guid":{"rendered":"https:\/\/www.promotio.sk\/shop\/nezaraden\u00e9\/almanzor\/"},"modified":"2024-03-12T12:29:23","modified_gmt":"2024-03-12T11:29:23","slug":"almanzor","status":"publish","type":"product","link":"https:\/\/www.promotio.sk\/sk\/shop\/promo-clothing\/workwear\/industry_services\/almanzor\/","title":{"rendered":"ALMANZOR"},"content":{"rendered":"<p>Viac\u00fa\u010delov\u00e1 pracovn\u00e1 vesta s vysok\u00fdm krkom.<br \/>\n\u00b7 Predn\u00fd zips s popruhom a such\u00fdm zipsom.<br \/>\n\u00b7 Jedno vonkaj\u0161ie vrecko na pravej strane na mobiln\u00fd telef\u00f3n.<br \/>\n\u00b7 Dve predn\u00e9 klinov\u00e9 vreck\u00e1 s bo\u010dn\u00fdmi rozparkami.<br \/>\n\u00b7 Dve mal\u00e9 vreck\u00e1 na per\u00e1.<br \/>\n\u00b7 Jedno vn\u00fatorn\u00e9 vrecko so such\u00fdm zipsom.<br \/>\n\u00b7 Vrecko na zips.<br \/>\n\u00b7 Vn\u00fatorn\u00e9 vrecko so such\u00fdm zipsom.<br \/>\n\u00b7 Sklopen\u00fd chvost.<br \/>\n\u00b7 Regul\u00e1tor so samozap\u00ednan\u00edm.<br \/>\n<br \/>Zlo\u017eenie: \u0161krupina: 80% polyester \/ 20% bavlna, 200 gsm.<br \/>\nPod\u0161\u00edvka: 100% pre\u0161\u00edvan\u00fd polyester, 170 g\/m2.<br \/>Pozn\u00e1mky: *Vetruodoln\u00fd model.<br \/><img decoding=\"async\" src=\"https:\/\/static.gorfactory.es\/pics\/measures\/CC_HOMU.jpg\"><\/p>","protected":false},"excerpt":{"rendered":"<p>Multipurpose work bodywarmer with high neck. \u00b7 Front zipper with strap and velcro. \u00b7 One outer pocket on the right<\/p>","protected":false},"featured_media":30970,"comment_status":"open","ping_status":"closed","template":"","meta":[],"product_cat":[566,563],"product_tag":[],"class_list":{"0":"post-30969","1":"product","2":"type-product","3":"status-publish","4":"has-post-thumbnail","6":"product_cat-industry_services","7":"product_cat-workwear","9":"first","10":"instock","11":"shipping-taxable","12":"purchasable","13":"product-type-variable"},"_links":{"self":[{"href":"https:\/\/www.promotio.sk\/sk\/wp-json\/wp\/v2\/product\/30969","targetHints":{"allow":["GET"]}}],"collection":[{"href":"https:\/\/www.promotio.sk\/sk\/wp-json\/wp\/v2\/product"}],"about":[{"href":"https:\/\/www.promotio.sk\/sk\/wp-json\/wp\/v2\/types\/product"}],"replies":[{"embeddable":true,"href":"https:\/\/www.promotio.sk\/sk\/wp-json\/wp\/v2\/comments?post=30969"}],"wp:featuredmedia":[{"embeddable":true,"href":"https:\/\/www.promotio.sk\/sk\/wp-json\/wp\/v2\/media\/30970"}],"wp:attachment":[{"href":"https:\/\/www.promotio.sk\/sk\/wp-json\/wp\/v2\/media?parent=30969"}],"wp:term":[{"taxonomy":"product_cat","embeddable":true,"href":"https:\/\/www.promotio.sk\/sk\/wp-json\/wp\/v2\/product_cat?post=30969"},{"taxonomy":"product_tag","embeddable":true,"href":"https:\/\/www.promotio.sk\/sk\/wp-json\/wp\/v2\/product_tag?post=30969"}],"curies":[{"name":"wp","href":"https:\/\/api.w.org\/{rel}","templated":true}]}}