{"id":30881,"date":"2024-03-12T12:17:02","date_gmt":"2024-03-12T11:17:02","guid":{"rendered":"https:\/\/www.promotio.sk\/shop\/nezaraden\u00e9\/panacea\/"},"modified":"2024-03-12T12:22:47","modified_gmt":"2024-03-12T11:22:47","slug":"panacea","status":"publish","type":"product","link":"https:\/\/www.promotio.sk\/sk\/shop\/promo-clothing\/workwear\/san_est\/panacea\/","title":{"rendered":"PANACEA"},"content":{"rendered":"<p>Unisex servisn\u00fd top s kr\u00e1tkymi ruk\u00e1vmi.<br \/>\n\u00b7 Prekr\u00ed\u017een\u00fd \u0161iltov\u00fd v\u00fdstrih.<br \/>\n\u00b7 Vrecko na hrudi a dve bo\u010dn\u00e9 vreck\u00e1.<br \/>\n\u00b7 Bo\u010dn\u00e9 rozparky na leme.<br \/>Zlo\u017eenie: 65% polyester \/ 35% bavlnen\u00fd keper, 160 gsm.<br \/>Pozn\u00e1mky: Zodpovedaj\u00faci odev: nohavice VADEMECUM.<br \/>\n* Odn\u00edmate\u013en\u00fd \u0161t\u00edtok.<br \/>\n*Unisex model.<br \/>\n*Laborat\u00f3rium.<br \/>\n*Zdravie.<br \/>\n* Estetick\u00e9.<br \/>\n*Potravin\u00e1rsky priemysel.<br \/>\n* Upratovanie.<br \/><img decoding=\"async\" src=\"https:\/\/static.gorfactory.es\/pics\/measures\/CA_MC_HO.jpg\"><\/p>","protected":false},"excerpt":{"rendered":"<p>Unisex service top with short-sleeves. \u00b7 Crossed peak neckline. \u00b7 Pocket on chest and two side pockets. \u00b7 Side slits<\/p>","protected":false},"featured_media":30882,"comment_status":"open","ping_status":"closed","template":"","meta":[],"product_cat":[568,563],"product_tag":[],"class_list":{"0":"post-30881","1":"product","2":"type-product","3":"status-publish","4":"has-post-thumbnail","6":"product_cat-san_est","7":"product_cat-workwear","9":"first","10":"instock","11":"shipping-taxable","12":"purchasable","13":"product-type-variable"},"_links":{"self":[{"href":"https:\/\/www.promotio.sk\/sk\/wp-json\/wp\/v2\/product\/30881","targetHints":{"allow":["GET"]}}],"collection":[{"href":"https:\/\/www.promotio.sk\/sk\/wp-json\/wp\/v2\/product"}],"about":[{"href":"https:\/\/www.promotio.sk\/sk\/wp-json\/wp\/v2\/types\/product"}],"replies":[{"embeddable":true,"href":"https:\/\/www.promotio.sk\/sk\/wp-json\/wp\/v2\/comments?post=30881"}],"wp:featuredmedia":[{"embeddable":true,"href":"https:\/\/www.promotio.sk\/sk\/wp-json\/wp\/v2\/media\/30882"}],"wp:attachment":[{"href":"https:\/\/www.promotio.sk\/sk\/wp-json\/wp\/v2\/media?parent=30881"}],"wp:term":[{"taxonomy":"product_cat","embeddable":true,"href":"https:\/\/www.promotio.sk\/sk\/wp-json\/wp\/v2\/product_cat?post=30881"},{"taxonomy":"product_tag","embeddable":true,"href":"https:\/\/www.promotio.sk\/sk\/wp-json\/wp\/v2\/product_tag?post=30881"}],"curies":[{"name":"wp","href":"https:\/\/api.w.org\/{rel}","templated":true}]}}