{"id":30713,"date":"2024-03-12T12:03:48","date_gmt":"2024-03-12T11:03:48","guid":{"rendered":"https:\/\/www.promotio.sk\/shop\/nezaraden\u00e9\/expedition\/"},"modified":"2024-03-12T12:06:23","modified_gmt":"2024-03-12T11:06:23","slug":"expedition","status":"publish","type":"product","link":"https:\/\/www.promotio.sk\/sk\/shop\/promo-clothing\/workwear\/industry_services\/expedition\/","title":{"rendered":"EXPED\u00cdCIA"},"content":{"rendered":"<p>Tri\u010dko s kr\u00e1tkym ruk\u00e1vom v kombin\u00e1cii farieb.<br \/>\n\u00b7 Krk s kontrastn\u00fdmi kryt\u00fdmi vn\u00fatorn\u00fdmi \u0161vami. Bo\u010dn\u00e9 \u0161vy.<br \/>\n\u00b7 Kontrastn\u00e9 ramen\u00e1 a detaily.<br \/>Zlo\u017eenie: 60% bavlna \/ 40% polyester, single jersey, 160 gsm.<br \/>Pozn\u00e1mky: * Odn\u00edmate\u013en\u00fd \u0161t\u00edtok.<br \/><img decoding=\"async\" src=\"https:\/\/static.gorfactory.es\/pics\/measures\/CA_MC_HO.jpg\"><\/p>","protected":false},"excerpt":{"rendered":"<p>Short-sleeve t-shirt in a combination of colours. \u00b7 Crew neck with contrasting covered inner seams. Side seams. \u00b7 Contrasting shoulders<\/p>","protected":false},"featured_media":30714,"comment_status":"open","ping_status":"closed","template":"","meta":[],"product_cat":[566,563],"product_tag":[],"class_list":{"0":"post-30713","1":"product","2":"type-product","3":"status-publish","4":"has-post-thumbnail","6":"product_cat-industry_services","7":"product_cat-workwear","9":"first","10":"instock","11":"shipping-taxable","12":"purchasable","13":"product-type-variable"},"_links":{"self":[{"href":"https:\/\/www.promotio.sk\/sk\/wp-json\/wp\/v2\/product\/30713","targetHints":{"allow":["GET"]}}],"collection":[{"href":"https:\/\/www.promotio.sk\/sk\/wp-json\/wp\/v2\/product"}],"about":[{"href":"https:\/\/www.promotio.sk\/sk\/wp-json\/wp\/v2\/types\/product"}],"replies":[{"embeddable":true,"href":"https:\/\/www.promotio.sk\/sk\/wp-json\/wp\/v2\/comments?post=30713"}],"wp:featuredmedia":[{"embeddable":true,"href":"https:\/\/www.promotio.sk\/sk\/wp-json\/wp\/v2\/media\/30714"}],"wp:attachment":[{"href":"https:\/\/www.promotio.sk\/sk\/wp-json\/wp\/v2\/media?parent=30713"}],"wp:term":[{"taxonomy":"product_cat","embeddable":true,"href":"https:\/\/www.promotio.sk\/sk\/wp-json\/wp\/v2\/product_cat?post=30713"},{"taxonomy":"product_tag","embeddable":true,"href":"https:\/\/www.promotio.sk\/sk\/wp-json\/wp\/v2\/product_tag?post=30713"}],"curies":[{"name":"wp","href":"https:\/\/api.w.org\/{rel}","templated":true}]}}