{"id":30660,"date":"2024-03-12T11:59:26","date_gmt":"2024-03-12T10:59:26","guid":{"rendered":"https:\/\/www.promotio.sk\/shop\/nezaraden\u00e9\/jimmy\/"},"modified":"2024-03-12T12:03:46","modified_gmt":"2024-03-12T11:03:46","slug":"jimmy","status":"publish","type":"product","link":"https:\/\/www.promotio.sk\/sk\/shop\/promo-clothing\/workwear\/industry_services\/jimmy\/","title":{"rendered":"JIMMY"},"content":{"rendered":"<p>Rovn\u00fd overal.<br \/>\n\u00b7 Dvojit\u00fd predn\u00fd zips.<br \/>\n\u00b7 Jedno \u013eav\u00e9 n\u00e1prsn\u00e9 vrecko so zipsom.<br \/>\n\u00b7 Dve bo\u010dn\u00e9 vreck\u00e1.<br \/>\n\u00b7 Jedno \u00fazke bo\u010dn\u00e9 vrecko.<br \/>\n\u00b7 1\u00d71 elastick\u00e9 man\u017eety.<br \/>Zlo\u017eenie: 65% polyester \/ 35% bavlna, keper, 200 gsm.<br \/>Pozn\u00e1mky: *Odn\u00edmate\u013en\u00fd \u0161t\u00edtok.<\/p>","protected":false},"excerpt":{"rendered":"<p>Straight overalls. \u00b7 Double front zip. \u00b7 One left chest pocket with zip. \u00b7 Two side pockets. \u00b7 One narrow<\/p>","protected":false},"featured_media":30661,"comment_status":"open","ping_status":"closed","template":"","meta":[],"product_cat":[566,563],"product_tag":[],"class_list":{"0":"post-30660","1":"product","2":"type-product","3":"status-publish","4":"has-post-thumbnail","6":"product_cat-industry_services","7":"product_cat-workwear","9":"first","10":"instock","11":"shipping-taxable","12":"purchasable","13":"product-type-variable"},"_links":{"self":[{"href":"https:\/\/www.promotio.sk\/sk\/wp-json\/wp\/v2\/product\/30660","targetHints":{"allow":["GET"]}}],"collection":[{"href":"https:\/\/www.promotio.sk\/sk\/wp-json\/wp\/v2\/product"}],"about":[{"href":"https:\/\/www.promotio.sk\/sk\/wp-json\/wp\/v2\/types\/product"}],"replies":[{"embeddable":true,"href":"https:\/\/www.promotio.sk\/sk\/wp-json\/wp\/v2\/comments?post=30660"}],"wp:featuredmedia":[{"embeddable":true,"href":"https:\/\/www.promotio.sk\/sk\/wp-json\/wp\/v2\/media\/30661"}],"wp:attachment":[{"href":"https:\/\/www.promotio.sk\/sk\/wp-json\/wp\/v2\/media?parent=30660"}],"wp:term":[{"taxonomy":"product_cat","embeddable":true,"href":"https:\/\/www.promotio.sk\/sk\/wp-json\/wp\/v2\/product_cat?post=30660"},{"taxonomy":"product_tag","embeddable":true,"href":"https:\/\/www.promotio.sk\/sk\/wp-json\/wp\/v2\/product_tag?post=30660"}],"curies":[{"name":"wp","href":"https:\/\/api.w.org\/{rel}","templated":true}]}}