{"id":30542,"date":"2024-03-12T11:49:08","date_gmt":"2024-03-12T10:49:08","guid":{"rendered":"https:\/\/www.promotio.sk\/shop\/nezaraden\u00e9\/armour\/"},"modified":"2024-03-12T11:53:09","modified_gmt":"2024-03-12T10:53:09","slug":"armour","status":"publish","type":"product","link":"https:\/\/www.promotio.sk\/sk\/shop\/promo-clothing\/workwear\/industry_services\/armour\/","title":{"rendered":"ZBROJ"},"content":{"rendered":"<p>Bermudy s vreckami.<br \/>\n\u00b7 Nastavite\u013en\u00fd elastick\u00fd p\u00e1s na oboch stran\u00e1ch.<br \/>\n\u00b7 Dve predn\u00e9 vreck\u00e1.<br \/>\n\u00b7 Dve bo\u010dn\u00e9 vreck\u00e1 s chlop\u0148ou, zap\u00ednanie na such\u00fd zips a<br \/>\n   centr\u00e1lny mech.<br \/>\n\u00b7 Dve zadn\u00e9 vreck\u00e1 s gomb\u00edkom.<br \/>Zlo\u017eenie: 80% polyester \/ 20% bavlna, 200 gsm keper.<br \/>Pozn\u00e1mky: *Ve\u013emi pohodln\u00e9 bermudy na vo\u013en\u00fd \u010das a pracovn\u00e9 oble\u010denie.<\/p>","protected":false},"excerpt":{"rendered":"<p>Bermuda shorts with pockets. \u00b7 Adjustable elastic waistband on both sides. \u00b7 Two front pockets. \u00b7 Two side pockets with<\/p>","protected":false},"featured_media":30543,"comment_status":"open","ping_status":"closed","template":"","meta":[],"product_cat":[566,563],"product_tag":[],"class_list":{"0":"post-30542","1":"product","2":"type-product","3":"status-publish","4":"has-post-thumbnail","6":"product_cat-industry_services","7":"product_cat-workwear","9":"first","10":"instock","11":"shipping-taxable","12":"purchasable","13":"product-type-variable"},"_links":{"self":[{"href":"https:\/\/www.promotio.sk\/sk\/wp-json\/wp\/v2\/product\/30542","targetHints":{"allow":["GET"]}}],"collection":[{"href":"https:\/\/www.promotio.sk\/sk\/wp-json\/wp\/v2\/product"}],"about":[{"href":"https:\/\/www.promotio.sk\/sk\/wp-json\/wp\/v2\/types\/product"}],"replies":[{"embeddable":true,"href":"https:\/\/www.promotio.sk\/sk\/wp-json\/wp\/v2\/comments?post=30542"}],"wp:featuredmedia":[{"embeddable":true,"href":"https:\/\/www.promotio.sk\/sk\/wp-json\/wp\/v2\/media\/30543"}],"wp:attachment":[{"href":"https:\/\/www.promotio.sk\/sk\/wp-json\/wp\/v2\/media?parent=30542"}],"wp:term":[{"taxonomy":"product_cat","embeddable":true,"href":"https:\/\/www.promotio.sk\/sk\/wp-json\/wp\/v2\/product_cat?post=30542"},{"taxonomy":"product_tag","embeddable":true,"href":"https:\/\/www.promotio.sk\/sk\/wp-json\/wp\/v2\/product_tag?post=30542"}],"curies":[{"name":"wp","href":"https:\/\/api.w.org\/{rel}","templated":true}]}}