{"id":30429,"date":"2024-03-12T11:39:50","date_gmt":"2024-03-12T10:39:50","guid":{"rendered":"https:\/\/www.promotio.sk\/shop\/nezaraden\u00e9\/vaccine-woman\/"},"modified":"2024-03-12T11:43:24","modified_gmt":"2024-03-12T10:43:24","slug":"vaccine-woman","status":"publish","type":"product","link":"https:\/\/www.promotio.sk\/sk\/shop\/promo-clothing\/workwear\/san_est\/vaccine-woman\/","title":{"rendered":"VACCINE WOMAN"},"content":{"rendered":"<p>Priliehav\u00fd slu\u017eobn\u00fd pl\u00e1\u0161\u0165 s dlh\u00fdm ruk\u00e1vom.<br \/>\n\u00b7 Chlop\u0148ov\u00fd golier.<br \/>\n\u00b7 Predn\u00e9 otv\u00e1ranie s 5 zodpovedaj\u00facimi gomb\u00edkmi.<br \/>\n\u00b7 Jedno n\u00e1prsn\u00e9 a dve bo\u010dn\u00e9 vreck\u00e1.<br \/>\n\u00b7 Zadn\u00fd p\u00e1s.<br \/>Zlo\u017eenie: 65% polyester \/ 35% bavlna, 195 gsm keper.<br \/>Pozn\u00e1mky: * Odn\u00edmate\u013en\u00fd \u0161t\u00edtok.<br \/>\n* Model pre laborat\u00f3rium, zdravotn\u00edctvo, kr\u00e1su, potravin\u00e1rsky a \u010distiaci sektor.<\/p>","protected":false},"excerpt":{"rendered":"<p>Fitted long-sleeve service gown. \u00b7 Flap collar. \u00b7 Front opening with 5 matching buttons. \u00b7 One chest and two side<\/p>","protected":false},"featured_media":30430,"comment_status":"open","ping_status":"closed","template":"","meta":[],"product_cat":[568,563],"product_tag":[],"class_list":{"0":"post-30429","1":"product","2":"type-product","3":"status-publish","4":"has-post-thumbnail","6":"product_cat-san_est","7":"product_cat-workwear","9":"first","10":"instock","11":"shipping-taxable","12":"purchasable","13":"product-type-variable"},"_links":{"self":[{"href":"https:\/\/www.promotio.sk\/sk\/wp-json\/wp\/v2\/product\/30429","targetHints":{"allow":["GET"]}}],"collection":[{"href":"https:\/\/www.promotio.sk\/sk\/wp-json\/wp\/v2\/product"}],"about":[{"href":"https:\/\/www.promotio.sk\/sk\/wp-json\/wp\/v2\/types\/product"}],"replies":[{"embeddable":true,"href":"https:\/\/www.promotio.sk\/sk\/wp-json\/wp\/v2\/comments?post=30429"}],"wp:featuredmedia":[{"embeddable":true,"href":"https:\/\/www.promotio.sk\/sk\/wp-json\/wp\/v2\/media\/30430"}],"wp:attachment":[{"href":"https:\/\/www.promotio.sk\/sk\/wp-json\/wp\/v2\/media?parent=30429"}],"wp:term":[{"taxonomy":"product_cat","embeddable":true,"href":"https:\/\/www.promotio.sk\/sk\/wp-json\/wp\/v2\/product_cat?post=30429"},{"taxonomy":"product_tag","embeddable":true,"href":"https:\/\/www.promotio.sk\/sk\/wp-json\/wp\/v2\/product_tag?post=30429"}],"curies":[{"name":"wp","href":"https:\/\/api.w.org\/{rel}","templated":true}]}}