{"id":30359,"date":"2024-03-12T00:16:46","date_gmt":"2024-03-11T23:16:46","guid":{"rendered":"https:\/\/www.promotio.sk\/shop\/nezaraden\u00e9\/bonati\/"},"modified":"2024-03-12T08:23:04","modified_gmt":"2024-03-12T07:23:04","slug":"bonati","status":"publish","type":"product","link":"https:\/\/www.promotio.sk\/sk\/shop\/promo-clothing\/wint_sp\/sport-trousers\/bonati\/","title":{"rendered":"BONATI"},"content":{"rendered":"<p>Unisex trekingov\u00e9 nohavice kombinovan\u00e9 z dvoch l\u00e1tok.<br \/>\n\u00b7 Elastick\u00fd p\u00e1s na bokoch.<br \/>\n\u00b7 P\u00fatka na opasok.<br \/>\n\u00b7 Dve bo\u010dn\u00e9 vreck\u00e1 s obr\u00e1ten\u00fdmi zipsami.<br \/>\n\u00b7 Zadn\u00e9 prav\u00e9 vrecko s obr\u00e1ten\u00fdmi zipsami.<br \/>\n\u00b7 Stre\u010dov\u00e1 tkanina v predn\u00fdch a zadn\u00fdch \u010dastiach, ktor\u00e1 umo\u017e\u0148uje ve\u013ek\u00fa vo\u013enos\u0165 pohybu.<br \/>\n<br \/>Zlo\u017eenie: Hlavn\u00e1 tkanina: 100% polyamid<br \/>\nDruh\u00e1 l\u00e1tka: 88% polyamid \/ 12% elastan<br \/><img decoding=\"async\" src=\"https:\/\/static.gorfactory.es\/pics\/measures\/PA_HO.jpg\"><\/p>","protected":false},"excerpt":{"rendered":"<p>Unisex trekking trousers combined in two fabrics. \u00b7 Elasticated waistband on the sides. \u00b7 Belt loops. \u00b7 Two side pockets<\/p>","protected":false},"featured_media":30360,"comment_status":"open","ping_status":"closed","template":"","meta":[],"product_cat":[547,533],"product_tag":[],"class_list":{"0":"post-30359","1":"product","2":"type-product","3":"status-publish","4":"has-post-thumbnail","6":"product_cat-sport-trousers","7":"product_cat-wint_sp","9":"first","10":"instock","11":"shipping-taxable","12":"purchasable","13":"product-type-variable"},"_links":{"self":[{"href":"https:\/\/www.promotio.sk\/sk\/wp-json\/wp\/v2\/product\/30359","targetHints":{"allow":["GET"]}}],"collection":[{"href":"https:\/\/www.promotio.sk\/sk\/wp-json\/wp\/v2\/product"}],"about":[{"href":"https:\/\/www.promotio.sk\/sk\/wp-json\/wp\/v2\/types\/product"}],"replies":[{"embeddable":true,"href":"https:\/\/www.promotio.sk\/sk\/wp-json\/wp\/v2\/comments?post=30359"}],"wp:featuredmedia":[{"embeddable":true,"href":"https:\/\/www.promotio.sk\/sk\/wp-json\/wp\/v2\/media\/30360"}],"wp:attachment":[{"href":"https:\/\/www.promotio.sk\/sk\/wp-json\/wp\/v2\/media?parent=30359"}],"wp:term":[{"taxonomy":"product_cat","embeddable":true,"href":"https:\/\/www.promotio.sk\/sk\/wp-json\/wp\/v2\/product_cat?post=30359"},{"taxonomy":"product_tag","embeddable":true,"href":"https:\/\/www.promotio.sk\/sk\/wp-json\/wp\/v2\/product_tag?post=30359"}],"curies":[{"name":"wp","href":"https:\/\/api.w.org\/{rel}","templated":true}]}}