{"id":30214,"date":"2024-03-12T00:07:11","date_gmt":"2024-03-11T23:07:11","guid":{"rendered":"https:\/\/www.promotio.sk\/shop\/nezaraden\u00e9\/baruc\/"},"modified":"2024-03-12T08:23:25","modified_gmt":"2024-03-12T07:23:25","slug":"baruc","status":"publish","type":"product","link":"https:\/\/www.promotio.sk\/sk\/shop\/promo-clothing\/wint_sp\/sport-trousers\/baruc\/","title":{"rendered":"BARUC"},"content":{"rendered":"<p>Skladan\u00e9 jednodielne nohavice z \u013eahkej l\u00e1tky. P\u00e1s z rovnakej l\u00e1tky s vn\u00fatorn\u00fdm elastick\u00fdm p\u00e1som. Vreck\u00e1 integrovan\u00e9 v bo\u010dn\u00fdch \u0161voch. Predn\u00e9 a zadn\u00e9 z\u00e1hyby na kolen\u00e1ch. Skryt\u00e9 zipsy v man\u017eet\u00e1ch \u010dlenkov. Zodpovedaj\u00face logo Roly na \u013eavom vrecku.<br \/>Zlo\u017eenie: 80% polyester, 17% visk\u00f3za a 3% elastan, 310 gsm.<br \/>Pozn\u00e1mky: * Unisex.<br \/>\n* Odn\u00edmate\u013en\u00fd \u0161t\u00edtok.<br \/>\n<br \/><img decoding=\"async\" src=\"https:\/\/static.gorfactory.es\/pics\/measures\/PA_HO.jpg\"><\/p>","protected":false},"excerpt":{"rendered":"<p>Pleated one-piece trousers in light fabric. Waist in same fabric with inner elastic band. Pockets integrated in side seams. Front<\/p>","protected":false},"featured_media":30215,"comment_status":"open","ping_status":"closed","template":"","meta":[],"product_cat":[547,533],"product_tag":[],"class_list":{"0":"post-30214","1":"product","2":"type-product","3":"status-publish","4":"has-post-thumbnail","6":"product_cat-sport-trousers","7":"product_cat-wint_sp","9":"first","10":"instock","11":"shipping-taxable","12":"purchasable","13":"product-type-variable"},"_links":{"self":[{"href":"https:\/\/www.promotio.sk\/sk\/wp-json\/wp\/v2\/product\/30214","targetHints":{"allow":["GET"]}}],"collection":[{"href":"https:\/\/www.promotio.sk\/sk\/wp-json\/wp\/v2\/product"}],"about":[{"href":"https:\/\/www.promotio.sk\/sk\/wp-json\/wp\/v2\/types\/product"}],"replies":[{"embeddable":true,"href":"https:\/\/www.promotio.sk\/sk\/wp-json\/wp\/v2\/comments?post=30214"}],"wp:featuredmedia":[{"embeddable":true,"href":"https:\/\/www.promotio.sk\/sk\/wp-json\/wp\/v2\/media\/30215"}],"wp:attachment":[{"href":"https:\/\/www.promotio.sk\/sk\/wp-json\/wp\/v2\/media?parent=30214"}],"wp:term":[{"taxonomy":"product_cat","embeddable":true,"href":"https:\/\/www.promotio.sk\/sk\/wp-json\/wp\/v2\/product_cat?post=30214"},{"taxonomy":"product_tag","embeddable":true,"href":"https:\/\/www.promotio.sk\/sk\/wp-json\/wp\/v2\/product_tag?post=30214"}],"curies":[{"name":"wp","href":"https:\/\/api.w.org\/{rel}","templated":true}]}}