{"id":30179,"date":"2024-03-12T00:04:40","date_gmt":"2024-03-11T23:04:40","guid":{"rendered":"https:\/\/www.promotio.sk\/shop\/nezaraden\u00e9\/iria\/"},"modified":"2024-03-12T08:23:39","modified_gmt":"2024-03-12T07:23:39","slug":"iria","status":"publish","type":"product","link":"https:\/\/www.promotio.sk\/sk\/shop\/promo-clothing\/wint_sp\/sport-trousers\/iria\/","title":{"rendered":"IRIA"},"content":{"rendered":"<p>Unisex dlh\u00e9 nohavice s man\u017eetami na noh\u00e1ch. Nastavite\u013en\u00fd elastick\u00fd p\u00e1s so s\u0165ahovacou \u0161n\u00farkou. Dve bo\u010dn\u00e9 vreck\u00e1.<br \/>\nZadn\u00e9 vrecko so zap\u00ednan\u00edm na gomb\u00edk.<br \/>Zlo\u017eenie: 50% modal \/ 43% polyester \/ 7% elastan, 260 gsm.<br \/>Pozn\u00e1mky: Zodpovedaj\u00faci odev: mikina MANASLU.<br \/>\n* Odn\u00edmate\u013en\u00fd \u0161t\u00edtok.<br \/>\n* Unisex.<br \/><img decoding=\"async\" src=\"https:\/\/static.gorfactory.es\/pics\/measures\/PA_HO.jpg\"><\/p>","protected":false},"excerpt":{"rendered":"<p>Unisex long trousers with cuffs on legs. Adjustable elastic waistband with drawcord. Two side pockets. Back pocket with clasp button.Composition:<\/p>","protected":false},"featured_media":30180,"comment_status":"open","ping_status":"closed","template":"","meta":[],"product_cat":[547,533],"product_tag":[],"class_list":{"0":"post-30179","1":"product","2":"type-product","3":"status-publish","4":"has-post-thumbnail","6":"product_cat-sport-trousers","7":"product_cat-wint_sp","9":"first","10":"instock","11":"shipping-taxable","12":"purchasable","13":"product-type-variable"},"_links":{"self":[{"href":"https:\/\/www.promotio.sk\/sk\/wp-json\/wp\/v2\/product\/30179","targetHints":{"allow":["GET"]}}],"collection":[{"href":"https:\/\/www.promotio.sk\/sk\/wp-json\/wp\/v2\/product"}],"about":[{"href":"https:\/\/www.promotio.sk\/sk\/wp-json\/wp\/v2\/types\/product"}],"replies":[{"embeddable":true,"href":"https:\/\/www.promotio.sk\/sk\/wp-json\/wp\/v2\/comments?post=30179"}],"wp:featuredmedia":[{"embeddable":true,"href":"https:\/\/www.promotio.sk\/sk\/wp-json\/wp\/v2\/media\/30180"}],"wp:attachment":[{"href":"https:\/\/www.promotio.sk\/sk\/wp-json\/wp\/v2\/media?parent=30179"}],"wp:term":[{"taxonomy":"product_cat","embeddable":true,"href":"https:\/\/www.promotio.sk\/sk\/wp-json\/wp\/v2\/product_cat?post=30179"},{"taxonomy":"product_tag","embeddable":true,"href":"https:\/\/www.promotio.sk\/sk\/wp-json\/wp\/v2\/product_tag?post=30179"}],"curies":[{"name":"wp","href":"https:\/\/api.w.org\/{rel}","templated":true}]}}