{"id":30124,"date":"2024-03-12T00:01:00","date_gmt":"2024-03-11T23:01:00","guid":{"rendered":"https:\/\/www.promotio.sk\/shop\/nezaraden\u00e9\/levi\/"},"modified":"2024-03-12T08:23:50","modified_gmt":"2024-03-12T07:23:50","slug":"levi","status":"publish","type":"product","link":"https:\/\/www.promotio.sk\/sk\/shop\/promo-clothing\/wint_sp\/sport-trousers\/levi\/","title":{"rendered":"LEVI"},"content":{"rendered":"<p>Rovn\u00e9 dlh\u00e9 nohavice s man\u017eetami na noh\u00e1ch.<br \/>\nNastavite\u013en\u00fd elastick\u00fd p\u00e1s so s\u0165ahovacou \u0161n\u00farkou. Dve bo\u010dn\u00e9 vreck\u00e1.<br \/>Zlo\u017eenie: 60% bavlna \/ 40% polyester, ne\u010desan\u00fd fleece, 280 gsm.<br \/>Pozn\u00e1mky: Zodpovedaj\u00faci odev: mikina KEMI.<br \/>\n* Odn\u00edmate\u013en\u00fd \u0161t\u00edtok.<br \/>\n* Unisex.<br \/><img decoding=\"async\" src=\"https:\/\/static.gorfactory.es\/pics\/measures\/PA_HO.jpg\"><\/p>","protected":false},"excerpt":{"rendered":"<p>Straight long trousers with cuffs on legs. Adjustable elastic waistband with drawcord. Two side pockets.Composition: 60% cotton \/ 40% polyester,<\/p>","protected":false},"featured_media":30125,"comment_status":"open","ping_status":"closed","template":"","meta":[],"product_cat":[547,533],"product_tag":[],"class_list":{"0":"post-30124","1":"product","2":"type-product","3":"status-publish","4":"has-post-thumbnail","6":"product_cat-sport-trousers","7":"product_cat-wint_sp","9":"first","10":"instock","11":"shipping-taxable","12":"purchasable","13":"product-type-variable"},"_links":{"self":[{"href":"https:\/\/www.promotio.sk\/sk\/wp-json\/wp\/v2\/product\/30124","targetHints":{"allow":["GET"]}}],"collection":[{"href":"https:\/\/www.promotio.sk\/sk\/wp-json\/wp\/v2\/product"}],"about":[{"href":"https:\/\/www.promotio.sk\/sk\/wp-json\/wp\/v2\/types\/product"}],"replies":[{"embeddable":true,"href":"https:\/\/www.promotio.sk\/sk\/wp-json\/wp\/v2\/comments?post=30124"}],"wp:featuredmedia":[{"embeddable":true,"href":"https:\/\/www.promotio.sk\/sk\/wp-json\/wp\/v2\/media\/30125"}],"wp:attachment":[{"href":"https:\/\/www.promotio.sk\/sk\/wp-json\/wp\/v2\/media?parent=30124"}],"wp:term":[{"taxonomy":"product_cat","embeddable":true,"href":"https:\/\/www.promotio.sk\/sk\/wp-json\/wp\/v2\/product_cat?post=30124"},{"taxonomy":"product_tag","embeddable":true,"href":"https:\/\/www.promotio.sk\/sk\/wp-json\/wp\/v2\/product_tag?post=30124"}],"curies":[{"name":"wp","href":"https:\/\/api.w.org\/{rel}","templated":true}]}}