{"id":30041,"date":"2024-03-11T23:54:21","date_gmt":"2024-03-11T22:54:21","guid":{"rendered":"https:\/\/www.promotio.sk\/shop\/nezaraden\u00e9\/adelpho\/"},"modified":"2024-03-12T08:24:14","modified_gmt":"2024-03-12T07:24:14","slug":"adelpho","status":"publish","type":"product","link":"https:\/\/www.promotio.sk\/sk\/shop\/promo-clothing\/wint_sp\/sport-trousers\/adelpho\/","title":{"rendered":"ADELPHO"},"content":{"rendered":"<p>Dlh\u00e9 \u0161portov\u00e9 nohavice so \u0161irok\u00fdm nastavite\u013en\u00fdm p\u00e1som, s\u0165ahovacou \u0161n\u00farkou, vypasovan\u00fdmi man\u017eetami na nohavi\u010dk\u00e1ch, zosilnen\u00fdmi \u0161vami, rebrovan\u00fdmi bo\u010dn\u00fdmi vreckami a rohov\u00fdm zadn\u00fdm vreckom s pre\u0161it\u00fdm prieh\u013eadom. <br \/>Zlo\u017eenie: 60% bavlna \/ 40% polyester, ne\u010desan\u00fd fleece, 280 gsm.<br \/>\nHeather \u0161ed\u00e1 58: 85% bavlna \/ 15% visk\u00f3za.<br \/>Pozn\u00e1mky: *Odn\u00edmate\u013en\u00fd \u0161t\u00edtok.<br \/>\n*Koncept duo.<br \/>\n* Dostupn\u00e9 v detsk\u00fdch ve\u013ekostiach.<br \/>\n<br \/><img decoding=\"async\" src=\"https:\/\/static.gorfactory.es\/pics\/measures\/PA1174.jpg\"><\/p>","protected":false},"excerpt":{"rendered":"<p>Long sports trousers with wide adjustable waistband, drawcord, fitted cuffs on legs, reinforced seams, ribbed side pockets and corner back<\/p>","protected":false},"featured_media":30042,"comment_status":"open","ping_status":"closed","template":"","meta":[],"product_cat":[547,533],"product_tag":[],"class_list":{"0":"post-30041","1":"product","2":"type-product","3":"status-publish","4":"has-post-thumbnail","6":"product_cat-sport-trousers","7":"product_cat-wint_sp","9":"first","10":"instock","11":"shipping-taxable","12":"purchasable","13":"product-type-variable"},"_links":{"self":[{"href":"https:\/\/www.promotio.sk\/sk\/wp-json\/wp\/v2\/product\/30041","targetHints":{"allow":["GET"]}}],"collection":[{"href":"https:\/\/www.promotio.sk\/sk\/wp-json\/wp\/v2\/product"}],"about":[{"href":"https:\/\/www.promotio.sk\/sk\/wp-json\/wp\/v2\/types\/product"}],"replies":[{"embeddable":true,"href":"https:\/\/www.promotio.sk\/sk\/wp-json\/wp\/v2\/comments?post=30041"}],"wp:featuredmedia":[{"embeddable":true,"href":"https:\/\/www.promotio.sk\/sk\/wp-json\/wp\/v2\/media\/30042"}],"wp:attachment":[{"href":"https:\/\/www.promotio.sk\/sk\/wp-json\/wp\/v2\/media?parent=30041"}],"wp:term":[{"taxonomy":"product_cat","embeddable":true,"href":"https:\/\/www.promotio.sk\/sk\/wp-json\/wp\/v2\/product_cat?post=30041"},{"taxonomy":"product_tag","embeddable":true,"href":"https:\/\/www.promotio.sk\/sk\/wp-json\/wp\/v2\/product_tag?post=30041"}],"curies":[{"name":"wp","href":"https:\/\/api.w.org\/{rel}","templated":true}]}}