{"id":29974,"date":"2024-03-11T23:49:29","date_gmt":"2024-03-11T22:49:29","guid":{"rendered":"https:\/\/www.promotio.sk\/shop\/nezaraden\u00e9\/box\/"},"modified":"2024-03-12T08:24:43","modified_gmt":"2024-03-12T07:24:43","slug":"box","status":"publish","type":"product","link":"https:\/\/www.promotio.sk\/sk\/shop\/promo-clothing\/wint_sp\/sport-trousers\/box\/","title":{"rendered":"BOX"},"content":{"rendered":"<p>Pohodln\u00e9 \u0161portov\u00e9 nohavice. \u00dazkeho strihu so \u0161irok\u00fdm elastick\u00fdm p\u00e1som.<br \/>Zlo\u017eenie: bavlna 90% \/ 10% elastan, single jersey, 280 gsm.<br \/>Pozn\u00e1mky: *Heather \u0161ed\u00e1 58: 81% bavlna \/ 13% visk\u00f3za \/ 6% elastan.<br \/>\n* Odn\u00edmate\u013en\u00fd \u0161t\u00edtok.<br \/>\n<br \/><img decoding=\"async\" src=\"https:\/\/static.gorfactory.es\/pics\/measures\/PA1090.jpg\"><\/p>","protected":false},"excerpt":{"rendered":"<p>Comfortable sports trousers. Slim-fit with wide elastic waist.Composition: 90% cotton \/ 10% elastane, single jersey, 280 gsm.Remarks: *Heather grey 58:<\/p>","protected":false},"featured_media":29975,"comment_status":"open","ping_status":"closed","template":"","meta":[],"product_cat":[547,533],"product_tag":[],"class_list":{"0":"post-29974","1":"product","2":"type-product","3":"status-publish","4":"has-post-thumbnail","6":"product_cat-sport-trousers","7":"product_cat-wint_sp","9":"first","10":"instock","11":"shipping-taxable","12":"purchasable","13":"product-type-variable"},"_links":{"self":[{"href":"https:\/\/www.promotio.sk\/sk\/wp-json\/wp\/v2\/product\/29974","targetHints":{"allow":["GET"]}}],"collection":[{"href":"https:\/\/www.promotio.sk\/sk\/wp-json\/wp\/v2\/product"}],"about":[{"href":"https:\/\/www.promotio.sk\/sk\/wp-json\/wp\/v2\/types\/product"}],"replies":[{"embeddable":true,"href":"https:\/\/www.promotio.sk\/sk\/wp-json\/wp\/v2\/comments?post=29974"}],"wp:featuredmedia":[{"embeddable":true,"href":"https:\/\/www.promotio.sk\/sk\/wp-json\/wp\/v2\/media\/29975"}],"wp:attachment":[{"href":"https:\/\/www.promotio.sk\/sk\/wp-json\/wp\/v2\/media?parent=29974"}],"wp:term":[{"taxonomy":"product_cat","embeddable":true,"href":"https:\/\/www.promotio.sk\/sk\/wp-json\/wp\/v2\/product_cat?post=29974"},{"taxonomy":"product_tag","embeddable":true,"href":"https:\/\/www.promotio.sk\/sk\/wp-json\/wp\/v2\/product_tag?post=29974"}],"curies":[{"name":"wp","href":"https:\/\/api.w.org\/{rel}","templated":true}]}}