{"id":29631,"date":"2024-03-11T23:22:49","date_gmt":"2024-03-11T22:22:49","guid":{"rendered":"https:\/\/www.promotio.sk\/shop\/nezaraden\u00e9\/carla\/"},"modified":"2024-03-12T08:13:47","modified_gmt":"2024-03-12T07:13:47","slug":"carla","status":"publish","type":"product","link":"https:\/\/www.promotio.sk\/sk\/shop\/promo-clothing\/wint_sp\/leggins\/carla\/","title":{"rendered":"CARLA"},"content":{"rendered":"<p>D\u00e1mske \u0161portov\u00e9 leg\u00edny. D\u013a\u017eka po kolen\u00e1 s rozparkami a elastick\u00fdm p\u00e1som.<br \/>Zlo\u017eenie: bavlna 94% \/ 6% elastan, single jersey, 270 gsm.<br \/>\nVe\u013ekosti pre diev\u010dat\u00e1: 210 g\/m2.<br \/>\nHeather \u0161ed\u00e1 58: 81% bavlna \/ 13% visk\u00f3za \/ 6% elastan. <br \/>Pozn\u00e1mky: *Odn\u00edmate\u013en\u00fd \u0161t\u00edtok.<br \/>\n* Dostupn\u00e9 v detsk\u00fdch ve\u013ekostiach.<br \/>\n<br \/><img decoding=\"async\" src=\"https:\/\/static.gorfactory.es\/pics\/measures\/PA0317.jpg\"><\/p>","protected":false},"excerpt":{"rendered":"<p>Women&#8217;s sports leggings. Knee length with slit openings and elastic waist.Composition: 94% cotton \/ 6% elastane, single jersey, 270 gsm.<\/p>","protected":false},"featured_media":29632,"comment_status":"open","ping_status":"closed","template":"","meta":[],"product_cat":[549,533],"product_tag":[],"class_list":{"0":"post-29631","1":"product","2":"type-product","3":"status-publish","4":"has-post-thumbnail","6":"product_cat-leggins","7":"product_cat-wint_sp","9":"first","10":"instock","11":"shipping-taxable","12":"purchasable","13":"product-type-variable"},"_links":{"self":[{"href":"https:\/\/www.promotio.sk\/sk\/wp-json\/wp\/v2\/product\/29631","targetHints":{"allow":["GET"]}}],"collection":[{"href":"https:\/\/www.promotio.sk\/sk\/wp-json\/wp\/v2\/product"}],"about":[{"href":"https:\/\/www.promotio.sk\/sk\/wp-json\/wp\/v2\/types\/product"}],"replies":[{"embeddable":true,"href":"https:\/\/www.promotio.sk\/sk\/wp-json\/wp\/v2\/comments?post=29631"}],"wp:featuredmedia":[{"embeddable":true,"href":"https:\/\/www.promotio.sk\/sk\/wp-json\/wp\/v2\/media\/29632"}],"wp:attachment":[{"href":"https:\/\/www.promotio.sk\/sk\/wp-json\/wp\/v2\/media?parent=29631"}],"wp:term":[{"taxonomy":"product_cat","embeddable":true,"href":"https:\/\/www.promotio.sk\/sk\/wp-json\/wp\/v2\/product_cat?post=29631"},{"taxonomy":"product_tag","embeddable":true,"href":"https:\/\/www.promotio.sk\/sk\/wp-json\/wp\/v2\/product_tag?post=29631"}],"curies":[{"name":"wp","href":"https:\/\/api.w.org\/{rel}","templated":true}]}}