{"id":29608,"date":"2024-03-11T23:20:49","date_gmt":"2024-03-11T22:20:49","guid":{"rendered":"https:\/\/www.promotio.sk\/shop\/nezaraden\u00e9\/serena\/"},"modified":"2024-03-12T08:14:51","modified_gmt":"2024-03-12T07:14:51","slug":"serena","status":"publish","type":"product","link":"https:\/\/www.promotio.sk\/sk\/shop\/promo-clothing\/wint_sp\/sport-trousers\/serena\/","title":{"rendered":"SERENA"},"content":{"rendered":"<p>\u013dahk\u00e1 a elastick\u00e1 technick\u00e1 suk\u0148a pre \u017eeny z recyklovan\u00e9ho polyesteru.<br \/>\n\u00b7 Elastick\u00fd p\u00e1s so \u0161n\u00farkami a gumi\u010dkou na chrbte.<br \/>\n\u00b7 Vn\u00fatorn\u00e9 \u0161ortky s vreckom na \u013eavej nohavici.<br \/>\n\u00b7 \u0160ev s tepelne zataven\u00fdm lemom.<br \/>\n\u00b7 V kombin\u00e1cii s mikroperforovanou tkaninou pre v\u00e4\u010d\u0161iu priedu\u0161nos\u0165.<br \/>Zlo\u017eenie: Suk\u0148a: 90% recyklovan\u00fd polyester \/ 10% elastan<br \/>\nSie\u0165ovina: 84% recyklovan\u00fd polyester \/ 16% elastan<br \/>\n100 g\/m\u00b2.<br \/>\n<br \/>Pozn\u00e1mky: *Etiketa je odn\u00edmate\u013en\u00e1<br \/><img decoding=\"async\" src=\"https:\/\/static.gorfactory.es\/pics\/measures\/PA_MU.jpg\"><\/p>","protected":false},"excerpt":{"rendered":"<p>Lightweight and elastic technical skirt for women made of recycled polyester. \u00b7 Elastic waistband with drawstrings and elastic band on<\/p>","protected":false},"featured_media":29609,"comment_status":"open","ping_status":"closed","template":"","meta":[],"product_cat":[547,533],"product_tag":[],"class_list":{"0":"post-29608","1":"product","2":"type-product","3":"status-publish","4":"has-post-thumbnail","6":"product_cat-sport-trousers","7":"product_cat-wint_sp","9":"first","10":"instock","11":"shipping-taxable","12":"purchasable","13":"product-type-variable"},"_links":{"self":[{"href":"https:\/\/www.promotio.sk\/sk\/wp-json\/wp\/v2\/product\/29608","targetHints":{"allow":["GET"]}}],"collection":[{"href":"https:\/\/www.promotio.sk\/sk\/wp-json\/wp\/v2\/product"}],"about":[{"href":"https:\/\/www.promotio.sk\/sk\/wp-json\/wp\/v2\/types\/product"}],"replies":[{"embeddable":true,"href":"https:\/\/www.promotio.sk\/sk\/wp-json\/wp\/v2\/comments?post=29608"}],"wp:featuredmedia":[{"embeddable":true,"href":"https:\/\/www.promotio.sk\/sk\/wp-json\/wp\/v2\/media\/29609"}],"wp:attachment":[{"href":"https:\/\/www.promotio.sk\/sk\/wp-json\/wp\/v2\/media?parent=29608"}],"wp:term":[{"taxonomy":"product_cat","embeddable":true,"href":"https:\/\/www.promotio.sk\/sk\/wp-json\/wp\/v2\/product_cat?post=29608"},{"taxonomy":"product_tag","embeddable":true,"href":"https:\/\/www.promotio.sk\/sk\/wp-json\/wp\/v2\/product_tag?post=29608"}],"curies":[{"name":"wp","href":"https:\/\/api.w.org\/{rel}","templated":true}]}}