{"id":29585,"date":"2024-03-11T23:18:41","date_gmt":"2024-03-11T22:18:41","guid":{"rendered":"https:\/\/www.promotio.sk\/shop\/nezaraden\u00e9\/murray\/"},"modified":"2024-03-12T08:19:53","modified_gmt":"2024-03-12T07:19:53","slug":"murray","status":"publish","type":"product","link":"https:\/\/www.promotio.sk\/sk\/shop\/promo-clothing\/wint_sp\/sh_pant\/murray\/","title":{"rendered":"MURRAY"},"content":{"rendered":"<p>\u013dahk\u00e9, stre\u010dov\u00e9 p\u00e1nske technick\u00e9 \u0161ortky vyroben\u00e9 z recyklovan\u00e9ho polyesteru.<br \/>\n\u00b7 Elastick\u00fd p\u00e1s so \u0161n\u00farkami a gumi\u010dkou na chrbte.<br \/>\n\u00b7 Ve\u013ek\u00e9 bo\u010dn\u00e9 vreck\u00e1.<br \/>\n\u00b7 \u0160vy s tepelne zataven\u00fdmi lemami.<br \/>\n\u00b7 V kombin\u00e1cii s mikroperforovanou tkaninou v seme a vreck\u00e1ch pre v\u00e4\u010d\u0161iu priedu\u0161nos\u0165.<br \/>\n<br \/>Zlo\u017eenie: 90% recyklovan\u00fd polyester\/ 10% elastan, 100 g\/m\u00b2.<br \/>Pozn\u00e1mky: *Etiketa je odn\u00edmate\u013en\u00e1<br \/><img decoding=\"async\" src=\"https:\/\/static.gorfactory.es\/pics\/measures\/PA_HO.jpg\"><\/p>","protected":false},"excerpt":{"rendered":"<p>Lightweight, stretchy men&#8217;s technical shorts made from recycled polyester. \u00b7 Elastic waistband with drawstrings and elastic band on the back.<\/p>","protected":false},"featured_media":29586,"comment_status":"open","ping_status":"closed","template":"","meta":[],"product_cat":[548,533],"product_tag":[],"class_list":{"0":"post-29585","1":"product","2":"type-product","3":"status-publish","4":"has-post-thumbnail","6":"product_cat-sh_pant","7":"product_cat-wint_sp","9":"first","10":"instock","11":"shipping-taxable","12":"purchasable","13":"product-type-variable"},"_links":{"self":[{"href":"https:\/\/www.promotio.sk\/sk\/wp-json\/wp\/v2\/product\/29585","targetHints":{"allow":["GET"]}}],"collection":[{"href":"https:\/\/www.promotio.sk\/sk\/wp-json\/wp\/v2\/product"}],"about":[{"href":"https:\/\/www.promotio.sk\/sk\/wp-json\/wp\/v2\/types\/product"}],"replies":[{"embeddable":true,"href":"https:\/\/www.promotio.sk\/sk\/wp-json\/wp\/v2\/comments?post=29585"}],"wp:featuredmedia":[{"embeddable":true,"href":"https:\/\/www.promotio.sk\/sk\/wp-json\/wp\/v2\/media\/29586"}],"wp:attachment":[{"href":"https:\/\/www.promotio.sk\/sk\/wp-json\/wp\/v2\/media?parent=29585"}],"wp:term":[{"taxonomy":"product_cat","embeddable":true,"href":"https:\/\/www.promotio.sk\/sk\/wp-json\/wp\/v2\/product_cat?post=29585"},{"taxonomy":"product_tag","embeddable":true,"href":"https:\/\/www.promotio.sk\/sk\/wp-json\/wp\/v2\/product_tag?post=29585"}],"curies":[{"name":"wp","href":"https:\/\/api.w.org\/{rel}","templated":true}]}}