{"id":29551,"date":"2024-03-11T23:15:52","date_gmt":"2024-03-11T22:15:52","guid":{"rendered":"https:\/\/www.promotio.sk\/shop\/nezaraden\u00e9\/norton\/"},"modified":"2024-03-12T08:15:21","modified_gmt":"2024-03-12T07:15:21","slug":"norton","status":"publish","type":"product","link":"https:\/\/www.promotio.sk\/sk\/shop\/promo-clothing\/wint_sp\/leggins\/norton\/","title":{"rendered":"NORTON"},"content":{"rendered":"<p>Kompresorov\u00e9 leg\u00edny po \u010dlenky vyroben\u00e9 z recyklovan\u00e9ho polyesteru.<br \/>\n\u00b7 Silik\u00f3nov\u00fd vysok\u00fd p\u00e1s pre lep\u0161ie prisp\u00f4sobenie.<br \/>\n\u00b7 Laserom rezan\u00e9 povrchov\u00e9 \u00fapravy v p\u00e1se.<br \/>\n\u00b7 Antitrecie \u0161vy na celom odeve.<br \/>\n\u00b7 Vyroben\u00e9 v kusoch pre dokonal\u00e9 prisp\u00f4sobenie.<br \/>Zlo\u017eenie: 75% recyklovan\u00fd polyester \/ 25% elastan interlock, 255 g\/m\u00b2.<br \/>Pozn\u00e1mky: *Etiketa je odn\u00edmate\u013en\u00e1<\/p>","protected":false},"excerpt":{"rendered":"<p>Compressor ankle length leggings made of recycled polyester. \u00b7 Silicone high waist for a better fit. \u00b7 Laser-cut finishes on<\/p>","protected":false},"featured_media":29552,"comment_status":"open","ping_status":"closed","template":"","meta":[],"product_cat":[549,533],"product_tag":[],"class_list":{"0":"post-29551","1":"product","2":"type-product","3":"status-publish","4":"has-post-thumbnail","6":"product_cat-leggins","7":"product_cat-wint_sp","9":"first","10":"instock","11":"shipping-taxable","12":"purchasable","13":"product-type-variable"},"_links":{"self":[{"href":"https:\/\/www.promotio.sk\/sk\/wp-json\/wp\/v2\/product\/29551","targetHints":{"allow":["GET"]}}],"collection":[{"href":"https:\/\/www.promotio.sk\/sk\/wp-json\/wp\/v2\/product"}],"about":[{"href":"https:\/\/www.promotio.sk\/sk\/wp-json\/wp\/v2\/types\/product"}],"replies":[{"embeddable":true,"href":"https:\/\/www.promotio.sk\/sk\/wp-json\/wp\/v2\/comments?post=29551"}],"wp:featuredmedia":[{"embeddable":true,"href":"https:\/\/www.promotio.sk\/sk\/wp-json\/wp\/v2\/media\/29552"}],"wp:attachment":[{"href":"https:\/\/www.promotio.sk\/sk\/wp-json\/wp\/v2\/media?parent=29551"}],"wp:term":[{"taxonomy":"product_cat","embeddable":true,"href":"https:\/\/www.promotio.sk\/sk\/wp-json\/wp\/v2\/product_cat?post=29551"},{"taxonomy":"product_tag","embeddable":true,"href":"https:\/\/www.promotio.sk\/sk\/wp-json\/wp\/v2\/product_tag?post=29551"}],"curies":[{"name":"wp","href":"https:\/\/api.w.org\/{rel}","templated":true}]}}