{"id":29499,"date":"2024-03-11T23:11:05","date_gmt":"2024-03-11T22:11:05","guid":{"rendered":"https:\/\/www.promotio.sk\/shop\/nezaraden\u00e9\/icaria-woman\/"},"modified":"2024-03-12T08:15:56","modified_gmt":"2024-03-12T07:15:56","slug":"icaria-woman","status":"publish","type":"product","link":"https:\/\/www.promotio.sk\/sk\/shop\/promo-clothing\/wint_sp\/leggins\/icaria-woman\/","title":{"rendered":"IKARIA \u017dENA"},"content":{"rendered":"<p>Technick\u00e9 d\u00e1mske nohavice po kolen\u00e1. Elastick\u00fd p\u00e1s a prekr\u00ed\u017een\u00e1 vn\u00fatorn\u00e1 \u0161n\u00farka pre jednoduch\u00e9 nastavenie. Vysoko vidite\u013en\u00e9 detaily. Vonkaj\u0161ie zadn\u00e9 vrecko so zipsom.<br \/>Zlo\u017eenie: 88% polyester interlock\/ 12% elastan, 220 gsm.<br \/>Pozn\u00e1mky: *Odn\u00edmate\u013en\u00fd \u0161t\u00edtok.<br \/>\n*Technick\u00e1 tkanina.<br \/>\n* Priedu\u0161n\u00e1.<br \/>\n*Koncept duo. <\/p>","protected":false},"excerpt":{"rendered":"<p>Technical knee-length pants for women. Elastic waistband and crossed inner cord for easy adjustment. High-visibility details. Exterior back pocket with<\/p>","protected":false},"featured_media":29500,"comment_status":"open","ping_status":"closed","template":"","meta":[],"product_cat":[549,533],"product_tag":[],"class_list":{"0":"post-29499","1":"product","2":"type-product","3":"status-publish","4":"has-post-thumbnail","6":"product_cat-leggins","7":"product_cat-wint_sp","9":"first","10":"instock","11":"shipping-taxable","12":"purchasable","13":"product-type-variable"},"_links":{"self":[{"href":"https:\/\/www.promotio.sk\/sk\/wp-json\/wp\/v2\/product\/29499","targetHints":{"allow":["GET"]}}],"collection":[{"href":"https:\/\/www.promotio.sk\/sk\/wp-json\/wp\/v2\/product"}],"about":[{"href":"https:\/\/www.promotio.sk\/sk\/wp-json\/wp\/v2\/types\/product"}],"replies":[{"embeddable":true,"href":"https:\/\/www.promotio.sk\/sk\/wp-json\/wp\/v2\/comments?post=29499"}],"wp:featuredmedia":[{"embeddable":true,"href":"https:\/\/www.promotio.sk\/sk\/wp-json\/wp\/v2\/media\/29500"}],"wp:attachment":[{"href":"https:\/\/www.promotio.sk\/sk\/wp-json\/wp\/v2\/media?parent=29499"}],"wp:term":[{"taxonomy":"product_cat","embeddable":true,"href":"https:\/\/www.promotio.sk\/sk\/wp-json\/wp\/v2\/product_cat?post=29499"},{"taxonomy":"product_tag","embeddable":true,"href":"https:\/\/www.promotio.sk\/sk\/wp-json\/wp\/v2\/product_tag?post=29499"}],"curies":[{"name":"wp","href":"https:\/\/api.w.org\/{rel}","templated":true}]}}