{"id":29462,"date":"2024-03-11T23:07:18","date_gmt":"2024-03-11T22:07:18","guid":{"rendered":"https:\/\/www.promotio.sk\/shop\/nezaraden\u00e9\/bristol\/"},"modified":"2024-03-12T08:16:32","modified_gmt":"2024-03-12T07:16:32","slug":"bristol","status":"publish","type":"product","link":"https:\/\/www.promotio.sk\/sk\/shop\/promo-clothing\/wint_sp\/leggins\/bristol\/","title":{"rendered":"BRISTOL"},"content":{"rendered":"<p>P\u00e1nske technick\u00e9 nohavice s elastick\u00fdm p\u00e1som a vn\u00fatornou prekr\u00ed\u017eenou \u0161n\u00farkou pre jednoduch\u00e9 prisp\u00f4sobenie. Vysoko vidite\u013en\u00e9 detaily. Zadn\u00e9 vrecko so zipsom. Elastick\u00e1 l\u00e1tka priliehaj\u00faca k telu.<br \/>Zlo\u017eenie: 88% interlock polyester \/ 12% elastan, 280 gsm.<br \/>Pozn\u00e1mky: \u013dahko schn\u00faca priedu\u0161n\u00e1 tkanina.<br \/>\n* Odn\u00edmate\u013en\u00fd \u0161t\u00edtok.<\/p>","protected":false},"excerpt":{"rendered":"<p>Men&#8217;s technical pants with elastic waistband and inner crossed cord for easy adjustment. High-visibility details. Back pocket with zip. Elastic<\/p>","protected":false},"featured_media":29463,"comment_status":"open","ping_status":"closed","template":"","meta":[],"product_cat":[549,533],"product_tag":[],"class_list":{"0":"post-29462","1":"product","2":"type-product","3":"status-publish","4":"has-post-thumbnail","6":"product_cat-leggins","7":"product_cat-wint_sp","9":"first","10":"instock","11":"shipping-taxable","12":"purchasable","13":"product-type-variable"},"_links":{"self":[{"href":"https:\/\/www.promotio.sk\/sk\/wp-json\/wp\/v2\/product\/29462","targetHints":{"allow":["GET"]}}],"collection":[{"href":"https:\/\/www.promotio.sk\/sk\/wp-json\/wp\/v2\/product"}],"about":[{"href":"https:\/\/www.promotio.sk\/sk\/wp-json\/wp\/v2\/types\/product"}],"replies":[{"embeddable":true,"href":"https:\/\/www.promotio.sk\/sk\/wp-json\/wp\/v2\/comments?post=29462"}],"wp:featuredmedia":[{"embeddable":true,"href":"https:\/\/www.promotio.sk\/sk\/wp-json\/wp\/v2\/media\/29463"}],"wp:attachment":[{"href":"https:\/\/www.promotio.sk\/sk\/wp-json\/wp\/v2\/media?parent=29462"}],"wp:term":[{"taxonomy":"product_cat","embeddable":true,"href":"https:\/\/www.promotio.sk\/sk\/wp-json\/wp\/v2\/product_cat?post=29462"},{"taxonomy":"product_tag","embeddable":true,"href":"https:\/\/www.promotio.sk\/sk\/wp-json\/wp\/v2\/product_tag?post=29462"}],"curies":[{"name":"wp","href":"https:\/\/api.w.org\/{rel}","templated":true}]}}