{"id":29419,"date":"2024-03-11T23:04:12","date_gmt":"2024-03-11T22:04:12","guid":{"rendered":"https:\/\/www.promotio.sk\/shop\/nezaraden\u00e9\/leire\/"},"modified":"2024-03-12T08:17:10","modified_gmt":"2024-03-12T07:17:10","slug":"leire","status":"publish","type":"product","link":"https:\/\/www.promotio.sk\/sk\/shop\/promo-clothing\/wint_sp\/leggins\/leire\/","title":{"rendered":"LEIRE"},"content":{"rendered":"<p>D\u00e1mske dlh\u00e9 leg\u00edny s elastick\u00fdm p\u00e1som a bo\u010dn\u00fdmi \u0161vami. Anatomick\u00fd dizajn. Extra jemn\u00e1 text\u00fara.<br \/>Zlo\u017eenie: bavlna 92% \/ 8% elastan, single jersey, 270 gsm.<br \/>\nHeather \u0161ed\u00e1 58: 81% bavlna \/ 13% visk\u00f3za \/ 6% elastan.<br \/>Pozn\u00e1mky: *Odn\u00edmate\u013en\u00fd \u0161t\u00edtok.<br \/>\n* Dostupn\u00e9 v detsk\u00fdch ve\u013ekostiach.<br \/>\n<br \/><img decoding=\"async\" src=\"https:\/\/static.gorfactory.es\/pics\/measures\/LG0405.jpg\"><\/p>","protected":false},"excerpt":{"rendered":"<p>Women&#8217;s long leggings with elastic waistband and side seams. Anatomic design. Extra-soft texture.Composition: 92% cotton \/ 8% elastane, single jersey,<\/p>","protected":false},"featured_media":29420,"comment_status":"open","ping_status":"closed","template":"","meta":[],"product_cat":[549,533],"product_tag":[],"class_list":{"0":"post-29419","1":"product","2":"type-product","3":"status-publish","4":"has-post-thumbnail","6":"product_cat-leggins","7":"product_cat-wint_sp","9":"first","10":"instock","11":"shipping-taxable","12":"purchasable","13":"product-type-variable"},"_links":{"self":[{"href":"https:\/\/www.promotio.sk\/sk\/wp-json\/wp\/v2\/product\/29419","targetHints":{"allow":["GET"]}}],"collection":[{"href":"https:\/\/www.promotio.sk\/sk\/wp-json\/wp\/v2\/product"}],"about":[{"href":"https:\/\/www.promotio.sk\/sk\/wp-json\/wp\/v2\/types\/product"}],"replies":[{"embeddable":true,"href":"https:\/\/www.promotio.sk\/sk\/wp-json\/wp\/v2\/comments?post=29419"}],"wp:featuredmedia":[{"embeddable":true,"href":"https:\/\/www.promotio.sk\/sk\/wp-json\/wp\/v2\/media\/29420"}],"wp:attachment":[{"href":"https:\/\/www.promotio.sk\/sk\/wp-json\/wp\/v2\/media?parent=29419"}],"wp:term":[{"taxonomy":"product_cat","embeddable":true,"href":"https:\/\/www.promotio.sk\/sk\/wp-json\/wp\/v2\/product_cat?post=29419"},{"taxonomy":"product_tag","embeddable":true,"href":"https:\/\/www.promotio.sk\/sk\/wp-json\/wp\/v2\/product_tag?post=29419"}],"curies":[{"name":"wp","href":"https:\/\/api.w.org\/{rel}","templated":true}]}}