{"id":29301,"date":"2024-03-11T22:54:19","date_gmt":"2024-03-11T21:54:19","guid":{"rendered":"https:\/\/www.promotio.sk\/shop\/nezaraden\u00e9\/buru\/"},"modified":"2024-03-12T08:17:45","modified_gmt":"2024-03-12T07:17:45","slug":"buru","status":"publish","type":"product","link":"https:\/\/www.promotio.sk\/sk\/shop\/promo-clothing\/wint_sp\/leggins\/buru\/","title":{"rendered":"BURU"},"content":{"rendered":"<p>\u0160portov\u00e9 leg\u00edny po \u010dlenky s vysok\u00fdm p\u00e1som. Zadn\u00e9 vrecko v p\u00e1se s dobre vidite\u013en\u00fdm p\u00e1sikom. Kus na vn\u00fatornom st\u00fapacom kr\u00ed\u017ei. Zodpovedaj\u00faci overlockov\u00fd \u0161ev na p\u00e1se. Vysoko vidite\u013en\u00e9 logo Roly na bo\u010dnom p\u00e1se.<br \/>\n<br \/>Zlo\u017eenie: 88% recyklovan\u00fd polyester a 12% elastan, 250 g\/m\u00b2.<br \/>Pozn\u00e1mky: * Odn\u00edmate\u013en\u00fd \u0161t\u00edtok<\/p>","protected":false},"excerpt":{"rendered":"<p>Sports ankle-length leggings with high waist. Back pocket in waistband with high-visibility strip. Piece on inner rise cross. Matching overlocked<\/p>","protected":false},"featured_media":29302,"comment_status":"open","ping_status":"closed","template":"","meta":[],"product_cat":[549,533],"product_tag":[],"class_list":{"0":"post-29301","1":"product","2":"type-product","3":"status-publish","4":"has-post-thumbnail","6":"product_cat-leggins","7":"product_cat-wint_sp","9":"first","10":"instock","11":"shipping-taxable","12":"purchasable","13":"product-type-variable"},"_links":{"self":[{"href":"https:\/\/www.promotio.sk\/sk\/wp-json\/wp\/v2\/product\/29301","targetHints":{"allow":["GET"]}}],"collection":[{"href":"https:\/\/www.promotio.sk\/sk\/wp-json\/wp\/v2\/product"}],"about":[{"href":"https:\/\/www.promotio.sk\/sk\/wp-json\/wp\/v2\/types\/product"}],"replies":[{"embeddable":true,"href":"https:\/\/www.promotio.sk\/sk\/wp-json\/wp\/v2\/comments?post=29301"}],"wp:featuredmedia":[{"embeddable":true,"href":"https:\/\/www.promotio.sk\/sk\/wp-json\/wp\/v2\/media\/29302"}],"wp:attachment":[{"href":"https:\/\/www.promotio.sk\/sk\/wp-json\/wp\/v2\/media?parent=29301"}],"wp:term":[{"taxonomy":"product_cat","embeddable":true,"href":"https:\/\/www.promotio.sk\/sk\/wp-json\/wp\/v2\/product_cat?post=29301"},{"taxonomy":"product_tag","embeddable":true,"href":"https:\/\/www.promotio.sk\/sk\/wp-json\/wp\/v2\/product_tag?post=29301"}],"curies":[{"name":"wp","href":"https:\/\/api.w.org\/{rel}","templated":true}]}}