{"id":29160,"date":"2024-03-11T22:43:24","date_gmt":"2024-03-11T21:43:24","guid":{"rendered":"https:\/\/www.promotio.sk\/shop\/nezaraden\u00e9\/celtic\/"},"modified":"2024-03-12T08:20:36","modified_gmt":"2024-03-12T07:20:36","slug":"celtic","status":"publish","type":"product","link":"https:\/\/www.promotio.sk\/sk\/shop\/promo-clothing\/wint_sp\/sh_pant\/celtic\/","title":{"rendered":"KELTSK\u00dd"},"content":{"rendered":"<p>Multi\u0161portov\u00e9 bermudy s dvoma tkaninami a vn\u00fatorn\u00fdm slipom. Elastick\u00fd p\u00e1s s kontrastnou vn\u00fatornou s\u0165ahovacou \u0161n\u00farkou. Bo\u010dn\u00fd a vn\u00fatorn\u00fd lem nohav\u00edc z priedu\u0161nej l\u00e1tky. Dve bo\u010dn\u00e9 vreck\u00e1. Asymetrick\u00e9 bo\u010dn\u00e9 rozparky na leme.<br \/>Zlo\u017eenie: Hlavn\u00e1 tkanina: 100% mikrovl\u00e1kno polyester, 100 gsm.<br \/>\nPanely: 100% mikroperforovan\u00fd polyester, 145 g\/m2.<br \/>Pozn\u00e1mky: * Odn\u00edmate\u013en\u00fd \u0161t\u00edtok.<br \/>\n* Dostupn\u00e9 v detsk\u00fdch ve\u013ekostiach.<\/p>","protected":false},"excerpt":{"rendered":"<p>Multisports bermuda with two fabrics and inner slip. Elastic waistband with contrasting inner drawcord. Side and inner leg band in<\/p>","protected":false},"featured_media":29161,"comment_status":"open","ping_status":"closed","template":"","meta":[],"product_cat":[548,533],"product_tag":[],"class_list":{"0":"post-29160","1":"product","2":"type-product","3":"status-publish","4":"has-post-thumbnail","6":"product_cat-sh_pant","7":"product_cat-wint_sp","9":"first","10":"instock","11":"shipping-taxable","12":"purchasable","13":"product-type-variable"},"_links":{"self":[{"href":"https:\/\/www.promotio.sk\/sk\/wp-json\/wp\/v2\/product\/29160","targetHints":{"allow":["GET"]}}],"collection":[{"href":"https:\/\/www.promotio.sk\/sk\/wp-json\/wp\/v2\/product"}],"about":[{"href":"https:\/\/www.promotio.sk\/sk\/wp-json\/wp\/v2\/types\/product"}],"replies":[{"embeddable":true,"href":"https:\/\/www.promotio.sk\/sk\/wp-json\/wp\/v2\/comments?post=29160"}],"wp:featuredmedia":[{"embeddable":true,"href":"https:\/\/www.promotio.sk\/sk\/wp-json\/wp\/v2\/media\/29161"}],"wp:attachment":[{"href":"https:\/\/www.promotio.sk\/sk\/wp-json\/wp\/v2\/media?parent=29160"}],"wp:term":[{"taxonomy":"product_cat","embeddable":true,"href":"https:\/\/www.promotio.sk\/sk\/wp-json\/wp\/v2\/product_cat?post=29160"},{"taxonomy":"product_tag","embeddable":true,"href":"https:\/\/www.promotio.sk\/sk\/wp-json\/wp\/v2\/product_tag?post=29160"}],"curies":[{"name":"wp","href":"https:\/\/api.w.org\/{rel}","templated":true}]}}