{"id":29098,"date":"2024-03-11T22:38:09","date_gmt":"2024-03-11T21:38:09","guid":{"rendered":"https:\/\/www.promotio.sk\/shop\/nezaraden\u00e9\/betis\/"},"modified":"2024-03-12T08:21:19","modified_gmt":"2024-03-12T07:21:19","slug":"betis","status":"publish","type":"product","link":"https:\/\/www.promotio.sk\/sk\/shop\/promo-clothing\/wint_sp\/sh_pant\/betis\/","title":{"rendered":"BETIS"},"content":{"rendered":"<p>\u0160ortky s elastick\u00fdm p\u00e1som a s\u0165ahovacou \u0161n\u00farkou s kovov\u00fdmi o\u010dkami. Dve bo\u010dn\u00e9 vreck\u00e1 s obr\u00e1ten\u00fdm zipsom a \u0165ah\u00e1\u010dikom. Zodpovedaj\u00faci bo\u010dn\u00fd p\u00e1s. \u0160it\u00e1 ozdoba mu\u0161iek. Jedno vrecko na zadnej strane s patentn\u00fdm gomb\u00edkom.<br \/>Zlo\u017eenie: 63% bavlna \/ 37% polyester, interlock, 270 gsm.<br \/>Pozn\u00e1mky: * Odn\u00edmate\u013en\u00fd \u0161t\u00edtok.<\/p>","protected":false},"excerpt":{"rendered":"<p>Shorts with elastic waistband and drawcord with metal eyelets. Two side pockets with inverted zips and puller. Matching side band.<\/p>","protected":false},"featured_media":29099,"comment_status":"open","ping_status":"closed","template":"","meta":[],"product_cat":[548,533],"product_tag":[],"class_list":{"0":"post-29098","1":"product","2":"type-product","3":"status-publish","4":"has-post-thumbnail","6":"product_cat-sh_pant","7":"product_cat-wint_sp","9":"first","10":"instock","11":"shipping-taxable","12":"purchasable","13":"product-type-variable"},"_links":{"self":[{"href":"https:\/\/www.promotio.sk\/sk\/wp-json\/wp\/v2\/product\/29098","targetHints":{"allow":["GET"]}}],"collection":[{"href":"https:\/\/www.promotio.sk\/sk\/wp-json\/wp\/v2\/product"}],"about":[{"href":"https:\/\/www.promotio.sk\/sk\/wp-json\/wp\/v2\/types\/product"}],"replies":[{"embeddable":true,"href":"https:\/\/www.promotio.sk\/sk\/wp-json\/wp\/v2\/comments?post=29098"}],"wp:featuredmedia":[{"embeddable":true,"href":"https:\/\/www.promotio.sk\/sk\/wp-json\/wp\/v2\/media\/29099"}],"wp:attachment":[{"href":"https:\/\/www.promotio.sk\/sk\/wp-json\/wp\/v2\/media?parent=29098"}],"wp:term":[{"taxonomy":"product_cat","embeddable":true,"href":"https:\/\/www.promotio.sk\/sk\/wp-json\/wp\/v2\/product_cat?post=29098"},{"taxonomy":"product_tag","embeddable":true,"href":"https:\/\/www.promotio.sk\/sk\/wp-json\/wp\/v2\/product_tag?post=29098"}],"curies":[{"name":"wp","href":"https:\/\/api.w.org\/{rel}","templated":true}]}}