{"id":29048,"date":"2024-03-11T22:34:42","date_gmt":"2024-03-11T21:34:42","guid":{"rendered":"https:\/\/www.promotio.sk\/shop\/nezaraden\u00e9\/lazio\/"},"modified":"2024-03-12T08:21:34","modified_gmt":"2024-03-12T07:21:34","slug":"lazio","status":"publish","type":"product","link":"https:\/\/www.promotio.sk\/sk\/shop\/promo-clothing\/wint_sp\/sh_pant\/lazio\/","title":{"rendered":"LAZIO"},"content":{"rendered":"<p>V\u0161e\u0161portov\u00e9 bermudy. Bo\u010dn\u00e9 vreck\u00e1 so zipsom. Elastick\u00fd p\u00e1s s kontrastnou vn\u00fatornou s\u0165ahovacou \u0161n\u00farkou. Kontrastn\u00e9 bo\u010dn\u00e9 pruhy.<br \/>Zlo\u017eenie: 100% polyester, 200 gsm.<br \/>Pozn\u00e1mky: * Odn\u00edmate\u013en\u00fd \u0161t\u00edtok.<br \/>\n* Technick\u00e1 tkanina.<br \/>\n* Dostupn\u00e9 v detsk\u00fdch ve\u013ekostiach.<\/p>","protected":false},"excerpt":{"rendered":"<p>All-sports bermuda shorts. Side pockets with zip. Elastic waistband with contrasting inner drawcord. Contrasting side stripes.Composition: 100% polyester, 200 gsm.Remarks:<\/p>","protected":false},"featured_media":29049,"comment_status":"open","ping_status":"closed","template":"","meta":[],"product_cat":[548,533],"product_tag":[],"class_list":{"0":"post-29048","1":"product","2":"type-product","3":"status-publish","4":"has-post-thumbnail","6":"product_cat-sh_pant","7":"product_cat-wint_sp","9":"first","10":"instock","11":"shipping-taxable","12":"purchasable","13":"product-type-variable"},"_links":{"self":[{"href":"https:\/\/www.promotio.sk\/sk\/wp-json\/wp\/v2\/product\/29048","targetHints":{"allow":["GET"]}}],"collection":[{"href":"https:\/\/www.promotio.sk\/sk\/wp-json\/wp\/v2\/product"}],"about":[{"href":"https:\/\/www.promotio.sk\/sk\/wp-json\/wp\/v2\/types\/product"}],"replies":[{"embeddable":true,"href":"https:\/\/www.promotio.sk\/sk\/wp-json\/wp\/v2\/comments?post=29048"}],"wp:featuredmedia":[{"embeddable":true,"href":"https:\/\/www.promotio.sk\/sk\/wp-json\/wp\/v2\/media\/29049"}],"wp:attachment":[{"href":"https:\/\/www.promotio.sk\/sk\/wp-json\/wp\/v2\/media?parent=29048"}],"wp:term":[{"taxonomy":"product_cat","embeddable":true,"href":"https:\/\/www.promotio.sk\/sk\/wp-json\/wp\/v2\/product_cat?post=29048"},{"taxonomy":"product_tag","embeddable":true,"href":"https:\/\/www.promotio.sk\/sk\/wp-json\/wp\/v2\/product_tag?post=29048"}],"curies":[{"name":"wp","href":"https:\/\/api.w.org\/{rel}","templated":true}]}}