{"id":29020,"date":"2024-03-11T22:32:24","date_gmt":"2024-03-11T21:32:24","guid":{"rendered":"https:\/\/www.promotio.sk\/shop\/nezaraden\u00e9\/andy\/"},"modified":"2024-03-12T08:21:47","modified_gmt":"2024-03-12T07:21:47","slug":"andy","status":"publish","type":"product","link":"https:\/\/www.promotio.sk\/sk\/shop\/promo-clothing\/wint_sp\/sh_pant\/andy\/","title":{"rendered":"ANDY"},"content":{"rendered":"<p>\u0160portov\u00e9 \u0161ortky s bo\u010dn\u00fdmi vreckami. Elastick\u00fd p\u00e1s s nastavite\u013enou \u0161n\u00farkou. \u013dahk\u00e1 a priedu\u0161n\u00e1 tkanina s prednou vn\u00fatornou sie\u0165ovinou z mikrovl\u00e1kna.<br \/>Zlo\u017eenie: 100% polyesterov\u00fd keper, 110 gsm.<br \/>Pozn\u00e1mky: *Odn\u00edmate\u013en\u00fd \u0161t\u00edtok.<br \/>\n*Technick\u00e1 tkanina.<\/p>","protected":false},"excerpt":{"rendered":"<p>Sports shorts with side pockets. Elastic waistband with adjustable drawcord. Light and breathable fabric with front inner microfiber mesh.Composition: 100%<\/p>","protected":false},"featured_media":29021,"comment_status":"open","ping_status":"closed","template":"","meta":[],"product_cat":[548,533],"product_tag":[],"class_list":{"0":"post-29020","1":"product","2":"type-product","3":"status-publish","4":"has-post-thumbnail","6":"product_cat-sh_pant","7":"product_cat-wint_sp","9":"first","10":"instock","11":"shipping-taxable","12":"purchasable","13":"product-type-variable"},"_links":{"self":[{"href":"https:\/\/www.promotio.sk\/sk\/wp-json\/wp\/v2\/product\/29020","targetHints":{"allow":["GET"]}}],"collection":[{"href":"https:\/\/www.promotio.sk\/sk\/wp-json\/wp\/v2\/product"}],"about":[{"href":"https:\/\/www.promotio.sk\/sk\/wp-json\/wp\/v2\/types\/product"}],"replies":[{"embeddable":true,"href":"https:\/\/www.promotio.sk\/sk\/wp-json\/wp\/v2\/comments?post=29020"}],"wp:featuredmedia":[{"embeddable":true,"href":"https:\/\/www.promotio.sk\/sk\/wp-json\/wp\/v2\/media\/29021"}],"wp:attachment":[{"href":"https:\/\/www.promotio.sk\/sk\/wp-json\/wp\/v2\/media?parent=29020"}],"wp:term":[{"taxonomy":"product_cat","embeddable":true,"href":"https:\/\/www.promotio.sk\/sk\/wp-json\/wp\/v2\/product_cat?post=29020"},{"taxonomy":"product_tag","embeddable":true,"href":"https:\/\/www.promotio.sk\/sk\/wp-json\/wp\/v2\/product_tag?post=29020"}],"curies":[{"name":"wp","href":"https:\/\/api.w.org\/{rel}","templated":true}]}}