{"id":28969,"date":"2024-03-11T22:27:50","date_gmt":"2024-03-11T21:27:50","guid":{"rendered":"https:\/\/www.promotio.sk\/shop\/nezaraden\u00e9\/everton\/"},"modified":"2024-03-12T08:22:21","modified_gmt":"2024-03-12T07:22:21","slug":"everton","status":"publish","type":"product","link":"https:\/\/www.promotio.sk\/sk\/shop\/promo-clothing\/wint_sp\/sh_pant\/everton\/","title":{"rendered":"EVERTON"},"content":{"rendered":"<p>\u0160portov\u00e9 \u0161ortky s vn\u00fatorn\u00fdm slipom. Elastick\u00fd p\u00e1s s prekr\u00ed\u017eenou vn\u00fatornou s\u0165ahovacou \u0161n\u00farkou pre jednoduch\u00e9 nastavenie. Prisp\u00f4sobenie tela a \u0161peci\u00e1lna be\u017eeck\u00e1 tkanina. Detaily s vysokou vidite\u013enos\u0165ou. \u013dahko sa um\u00fdva a su\u0161\u00ed.<br \/>Zlo\u017eenie: 90% polyester \/ 10% elastan, 130 gsm.<br \/>Pozn\u00e1mky: *Odn\u00edmate\u013en\u00fd \u0161t\u00edtok.<br \/>\n*Technick\u00e1 tkanina.<br \/>\n*Priedu\u0161n\u00fd model.<br \/><img decoding=\"async\" src=\"https:\/\/static.gorfactory.es\/pics\/measures\/BE_HO.jpg\"><\/p>","protected":false},"excerpt":{"rendered":"<p>Sports shorts with inner slip. Elastic waistband with crossed inner drawcord for easy adjustment. Body fitting and special running fabric.<\/p>","protected":false},"featured_media":28970,"comment_status":"open","ping_status":"closed","template":"","meta":[],"product_cat":[548,533],"product_tag":[],"class_list":{"0":"post-28969","1":"product","2":"type-product","3":"status-publish","4":"has-post-thumbnail","6":"product_cat-sh_pant","7":"product_cat-wint_sp","9":"first","10":"instock","11":"shipping-taxable","12":"purchasable","13":"product-type-variable"},"_links":{"self":[{"href":"https:\/\/www.promotio.sk\/sk\/wp-json\/wp\/v2\/product\/28969","targetHints":{"allow":["GET"]}}],"collection":[{"href":"https:\/\/www.promotio.sk\/sk\/wp-json\/wp\/v2\/product"}],"about":[{"href":"https:\/\/www.promotio.sk\/sk\/wp-json\/wp\/v2\/types\/product"}],"replies":[{"embeddable":true,"href":"https:\/\/www.promotio.sk\/sk\/wp-json\/wp\/v2\/comments?post=28969"}],"wp:featuredmedia":[{"embeddable":true,"href":"https:\/\/www.promotio.sk\/sk\/wp-json\/wp\/v2\/media\/28970"}],"wp:attachment":[{"href":"https:\/\/www.promotio.sk\/sk\/wp-json\/wp\/v2\/media?parent=28969"}],"wp:term":[{"taxonomy":"product_cat","embeddable":true,"href":"https:\/\/www.promotio.sk\/sk\/wp-json\/wp\/v2\/product_cat?post=28969"},{"taxonomy":"product_tag","embeddable":true,"href":"https:\/\/www.promotio.sk\/sk\/wp-json\/wp\/v2\/product_tag?post=28969"}],"curies":[{"name":"wp","href":"https:\/\/api.w.org\/{rel}","templated":true}]}}