{"id":28880,"date":"2024-03-11T21:58:57","date_gmt":"2024-03-11T20:58:57","guid":{"rendered":"https:\/\/www.promotio.sk\/shop\/nezaraden\u00e9\/better\/"},"modified":"2024-03-12T08:27:08","modified_gmt":"2024-03-12T07:27:08","slug":"better","status":"publish","type":"product","link":"https:\/\/www.promotio.sk\/sk\/shop\/promo-clothing\/wint_sp\/leggins\/better\/","title":{"rendered":"LEP\u0160IE"},"content":{"rendered":"<p>Pohodln\u00e9 termo oble\u010denie. Technick\u00e1, elastick\u00e1 a \u013eahko um\u00fdvate\u013en\u00e1 tkanina. P\u00e1s a spodn\u00e1 \u010das\u0165 nohav\u00edc zo zosilnenej gumy.<br \/>Zlo\u017eenie: 92% polyamid \/ 8% elastan, 240 gsm.<br \/>Pozn\u00e1mky: *Dostupn\u00e9 v detsk\u00fdch ve\u013ekostiach.<br \/>\n* Priedu\u0161n\u00e1 tkanina.<br \/>\n* UV ochrann\u00fd faktor pod\u013ea farby.<\/p>","protected":false},"excerpt":{"rendered":"<p>Comfortable thermal garment. Technical, elastic and easy to wash fabric. Waistband and bottom leg in reinforced elastic.Composition: 92% polyamide \/<\/p>","protected":false},"featured_media":28881,"comment_status":"open","ping_status":"closed","template":"","meta":[],"product_cat":[549,533],"product_tag":[],"class_list":{"0":"post-28880","1":"product","2":"type-product","3":"status-publish","4":"has-post-thumbnail","6":"product_cat-leggins","7":"product_cat-wint_sp","9":"first","10":"instock","11":"shipping-taxable","12":"purchasable","13":"product-type-variable"},"_links":{"self":[{"href":"https:\/\/www.promotio.sk\/sk\/wp-json\/wp\/v2\/product\/28880","targetHints":{"allow":["GET"]}}],"collection":[{"href":"https:\/\/www.promotio.sk\/sk\/wp-json\/wp\/v2\/product"}],"about":[{"href":"https:\/\/www.promotio.sk\/sk\/wp-json\/wp\/v2\/types\/product"}],"replies":[{"embeddable":true,"href":"https:\/\/www.promotio.sk\/sk\/wp-json\/wp\/v2\/comments?post=28880"}],"wp:featuredmedia":[{"embeddable":true,"href":"https:\/\/www.promotio.sk\/sk\/wp-json\/wp\/v2\/media\/28881"}],"wp:attachment":[{"href":"https:\/\/www.promotio.sk\/sk\/wp-json\/wp\/v2\/media?parent=28880"}],"wp:term":[{"taxonomy":"product_cat","embeddable":true,"href":"https:\/\/www.promotio.sk\/sk\/wp-json\/wp\/v2\/product_cat?post=28880"},{"taxonomy":"product_tag","embeddable":true,"href":"https:\/\/www.promotio.sk\/sk\/wp-json\/wp\/v2\/product_tag?post=28880"}],"curies":[{"name":"wp","href":"https:\/\/api.w.org\/{rel}","templated":true}]}}