{"id":28878,"date":"2024-03-11T21:58:55","date_gmt":"2024-03-11T20:58:55","guid":{"rendered":"https:\/\/www.promotio.sk\/shop\/nezaraden\u00e9\/glasgow-woman\/"},"modified":"2024-03-11T22:01:48","modified_gmt":"2024-03-11T21:01:48","slug":"glasgow-woman","status":"publish","type":"product","link":"https:\/\/www.promotio.sk\/sk\/shop\/promo-clothing\/wint_sp\/windbreak\/glasgow-woman\/","title":{"rendered":"GLASGOW \u017dENA"},"content":{"rendered":"<p>Vetrovka z \u013eahkej technickej l\u00e1tky:<br \/>\n1. Vn\u00fatorn\u00fd v\u00fdstrih pod\u0161it\u00fd priedu\u0161nou l\u00e1tkou s kryt\u00fdmi \u0161vami.<br \/>\n2. Obr\u00e1ten\u00fd zips s dobre vidite\u013en\u00fdm detailom, chr\u00e1ni\u010d brady a s\u0165ahova\u010d.<br \/>\n3. Ragl\u00e1nov\u00e9 ruk\u00e1vy.<br \/>\n4. Priedu\u0161n\u00e1 l\u00e1tka na prieramkoch.<br \/>\n5. Predn\u00e9 vreck\u00e1 so zipsom.<br \/>\n6. Vypasovan\u00fd strih.<br \/>\n7. Vn\u00fatorn\u00e9 vrecko na skladanie odevu.<br \/>\n8. Man\u017eety s elastick\u00fdm lemom.<br \/>\n9. Vysoko vidite\u013en\u00e9 detaily na chrbte.<br \/>\n10. Trochu dlh\u0161\u00ed chrb\u00e1t.<br \/>Zlo\u017eenie: 100% quadrille ripstop polyester, 70 g\/m2.<br \/>Pozn\u00e1mky: * Odn\u00edmate\u013en\u00fd \u0161t\u00edtok.<br \/>\n* Model odoln\u00fd vo\u010di vetru.<br \/>\n* Priedu\u0161n\u00fd model.<br \/>\n* Koncept duo.<br \/><img decoding=\"async\" src=\"https:\/\/static.gorfactory.es\/pics\/measures\/CB_HO.jpg\"><\/p>","protected":false},"excerpt":{"rendered":"<p>Windbreaker jacket in light technical fabric: 1. Inner neck lined in breathable fabric with covered seams. 2. Inverted zip with<\/p>","protected":false},"featured_media":28879,"comment_status":"open","ping_status":"closed","template":"","meta":[],"product_cat":[533,536],"product_tag":[],"class_list":{"0":"post-28878","1":"product","2":"type-product","3":"status-publish","4":"has-post-thumbnail","6":"product_cat-wint_sp","7":"product_cat-windbreak","9":"first","10":"instock","11":"shipping-taxable","12":"purchasable","13":"product-type-variable"},"_links":{"self":[{"href":"https:\/\/www.promotio.sk\/sk\/wp-json\/wp\/v2\/product\/28878","targetHints":{"allow":["GET"]}}],"collection":[{"href":"https:\/\/www.promotio.sk\/sk\/wp-json\/wp\/v2\/product"}],"about":[{"href":"https:\/\/www.promotio.sk\/sk\/wp-json\/wp\/v2\/types\/product"}],"replies":[{"embeddable":true,"href":"https:\/\/www.promotio.sk\/sk\/wp-json\/wp\/v2\/comments?post=28878"}],"wp:featuredmedia":[{"embeddable":true,"href":"https:\/\/www.promotio.sk\/sk\/wp-json\/wp\/v2\/media\/28879"}],"wp:attachment":[{"href":"https:\/\/www.promotio.sk\/sk\/wp-json\/wp\/v2\/media?parent=28878"}],"wp:term":[{"taxonomy":"product_cat","embeddable":true,"href":"https:\/\/www.promotio.sk\/sk\/wp-json\/wp\/v2\/product_cat?post=28878"},{"taxonomy":"product_tag","embeddable":true,"href":"https:\/\/www.promotio.sk\/sk\/wp-json\/wp\/v2\/product_tag?post=28878"}],"curies":[{"name":"wp","href":"https:\/\/api.w.org\/{rel}","templated":true}]}}