{"id":28793,"date":"2024-03-11T21:54:48","date_gmt":"2024-03-11T20:54:48","guid":{"rendered":"https:\/\/www.promotio.sk\/shop\/nezaraden\u00e9\/jannu\/"},"modified":"2024-03-11T21:58:53","modified_gmt":"2024-03-11T20:58:53","slug":"jannu","status":"publish","type":"product","link":"https:\/\/www.promotio.sk\/sk\/shop\/promo-clothing\/wint_sp\/windbreak\/jannu\/","title":{"rendered":"JANNU"},"content":{"rendered":"<p>\u013dahk\u00e1 be\u017eeck\u00e1 technick\u00e1 vesta.<br \/>\n1. Predn\u00fd zips so zodpovedaj\u00facim chr\u00e1ni\u010dom brady.<br \/>\n2. Elastick\u00e9 lemovanie v prieramku a spodnej \u010dasti.<br \/>\n3. Spodn\u00e1 \u010das\u0165 chrbta z mikroperforovanej l\u00e1tky.<br \/>\n4. Vysoko vidite\u013en\u00e9 detaily na vrchnej, prednej a zadnej strane.<br \/>\n5. Vrecko s elastick\u00fdm popruhom na ulo\u017eenie vesty a jej nosenie na z\u00e1p\u00e4st\u00ed.<br \/>Zlo\u017eenie: Predn\u00e1 l\u00e1tka: 100% polyester. Zadn\u00e1 strana: 100% mikroperforovan\u00fd polyester, 70 g\/m2.<br \/>Pozn\u00e1mky: *Odn\u00edmate\u013en\u00fd \u0161t\u00edtok.<br \/>\n*Vetruvzdorn\u00e9<br \/>\n* Priedu\u0161n\u00e1. <br \/><img decoding=\"async\" src=\"https:\/\/static.gorfactory.es\/pics\/measures\/CC_HOMU.jpg\"><\/p>","protected":false},"excerpt":{"rendered":"<p>Light running technical vest. 1. Front zip with matching chin protector. 2. Elastic edging in armhole and bottom. 3. Bottom<\/p>","protected":false},"featured_media":28794,"comment_status":"open","ping_status":"closed","template":"","meta":[],"product_cat":[533,536],"product_tag":[],"class_list":{"0":"post-28793","1":"product","2":"type-product","3":"status-publish","4":"has-post-thumbnail","6":"product_cat-wint_sp","7":"product_cat-windbreak","9":"first","10":"instock","11":"shipping-taxable","12":"purchasable","13":"product-type-variable"},"_links":{"self":[{"href":"https:\/\/www.promotio.sk\/sk\/wp-json\/wp\/v2\/product\/28793","targetHints":{"allow":["GET"]}}],"collection":[{"href":"https:\/\/www.promotio.sk\/sk\/wp-json\/wp\/v2\/product"}],"about":[{"href":"https:\/\/www.promotio.sk\/sk\/wp-json\/wp\/v2\/types\/product"}],"replies":[{"embeddable":true,"href":"https:\/\/www.promotio.sk\/sk\/wp-json\/wp\/v2\/comments?post=28793"}],"wp:featuredmedia":[{"embeddable":true,"href":"https:\/\/www.promotio.sk\/sk\/wp-json\/wp\/v2\/media\/28794"}],"wp:attachment":[{"href":"https:\/\/www.promotio.sk\/sk\/wp-json\/wp\/v2\/media?parent=28793"}],"wp:term":[{"taxonomy":"product_cat","embeddable":true,"href":"https:\/\/www.promotio.sk\/sk\/wp-json\/wp\/v2\/product_cat?post=28793"},{"taxonomy":"product_tag","embeddable":true,"href":"https:\/\/www.promotio.sk\/sk\/wp-json\/wp\/v2\/product_tag?post=28793"}],"curies":[{"name":"wp","href":"https:\/\/api.w.org\/{rel}","templated":true}]}}