{"id":28644,"date":"2024-03-11T21:47:52","date_gmt":"2024-03-11T20:47:52","guid":{"rendered":"https:\/\/www.promotio.sk\/shop\/nezaraden\u00e9\/angelo\/"},"modified":"2024-03-11T21:52:44","modified_gmt":"2024-03-11T20:52:44","slug":"angelo","status":"publish","type":"product","link":"https:\/\/www.promotio.sk\/sk\/shop\/promo-clothing\/wint_sp\/windbreak\/angelo\/","title":{"rendered":"ANGELO"},"content":{"rendered":"<p>Vetrovka s kapuc\u0148ou:<br \/>\n1.- Centr\u00e1lny zips s kontrastn\u00fdm chr\u00e1ni\u010dom brady a s\u0165ahova\u010dom.<br \/>\n2.- Predn\u00e9 vreck\u00e1 s dobre vidite\u013en\u00fdm rebrom (nie s\u00fa dostupn\u00e9 v maskovacej farbe).<br \/>\n3. Klokanov\u00e9 vrecko so such\u00fdm zipsom na zadnej strane na zlo\u017eenie odevu.<br \/>\n4. Ruk\u00e1vy a spodn\u00fd lem s kontrastn\u00fdm elastick\u00fdm lemom.<br \/>\n5. Vn\u00fatorn\u00e1 kapuc\u0148a zo sie\u0165oviny a zakryt\u00e9 \u0161vy.<br \/>\nVe\u013ekos\u0165 XS dostupn\u00e1 len vo farbe lesnej kamufl\u00e1\u017ee (232). Detsk\u00e9 ve\u013ekosti nie s\u00fa dostupn\u00e9 vo farbe lesnej kamufl\u00e1\u017ee (232).<br \/>Zlo\u017eenie: 100% polyester, 60 gsm.<br \/>Pozn\u00e1mky: *Odn\u00edmate\u013en\u00fd \u0161t\u00edtok.<br \/>\n*Vetruodoln\u00fd model.<br \/>\n*K dispoz\u00edcii s\u00fa detsk\u00e9 ve\u013ekosti.<\/p>\n<p><img decoding=\"async\" src=\"https:\/\/static.gorfactory.es\/pics\/measures\/CB5088.jpg\"><\/p>","protected":false},"excerpt":{"rendered":"<p>Windbreaker with hood: 1.- Central zip with contrasting chin protector and puller. 2.- Front pockets with high-visibility rib (not available<\/p>","protected":false},"featured_media":28645,"comment_status":"open","ping_status":"closed","template":"","meta":[],"product_cat":[533,536],"product_tag":[],"class_list":{"0":"post-28644","1":"product","2":"type-product","3":"status-publish","4":"has-post-thumbnail","6":"product_cat-wint_sp","7":"product_cat-windbreak","9":"first","10":"instock","11":"shipping-taxable","12":"purchasable","13":"product-type-variable"},"_links":{"self":[{"href":"https:\/\/www.promotio.sk\/sk\/wp-json\/wp\/v2\/product\/28644","targetHints":{"allow":["GET"]}}],"collection":[{"href":"https:\/\/www.promotio.sk\/sk\/wp-json\/wp\/v2\/product"}],"about":[{"href":"https:\/\/www.promotio.sk\/sk\/wp-json\/wp\/v2\/types\/product"}],"replies":[{"embeddable":true,"href":"https:\/\/www.promotio.sk\/sk\/wp-json\/wp\/v2\/comments?post=28644"}],"wp:featuredmedia":[{"embeddable":true,"href":"https:\/\/www.promotio.sk\/sk\/wp-json\/wp\/v2\/media\/28645"}],"wp:attachment":[{"href":"https:\/\/www.promotio.sk\/sk\/wp-json\/wp\/v2\/media?parent=28644"}],"wp:term":[{"taxonomy":"product_cat","embeddable":true,"href":"https:\/\/www.promotio.sk\/sk\/wp-json\/wp\/v2\/product_cat?post=28644"},{"taxonomy":"product_tag","embeddable":true,"href":"https:\/\/www.promotio.sk\/sk\/wp-json\/wp\/v2\/product_tag?post=28644"}],"curies":[{"name":"wp","href":"https:\/\/api.w.org\/{rel}","templated":true}]}}