{"id":28642,"date":"2024-03-11T21:47:48","date_gmt":"2024-03-11T20:47:48","guid":{"rendered":"https:\/\/www.promotio.sk\/shop\/nezaraden\u00e9\/shanghai-l-s\/"},"modified":"2024-03-12T08:47:41","modified_gmt":"2024-03-12T07:47:41","slug":"shanghai-l-s","status":"publish","type":"product","link":"https:\/\/www.promotio.sk\/sk\/shop\/promo-clothing\/wint_sp\/sport-shirts\/shanghai-l-s\/","title":{"rendered":"\u0160ANGHAJ L\/S"},"content":{"rendered":"<p>Technick\u00e9 ragl\u00e1nov\u00e9 tri\u010dko s dlh\u00fdm ruk\u00e1vom z kombin\u00e1cie dvoch polyesterov\u00fdch tkan\u00edn. Hlavn\u00e1 l\u00e1tka z vo\u0161tiny a bo\u010dn\u00e9 panely a vn\u00fatorn\u00fd ruk\u00e1v z mikroperforovanej l\u00e1tky. Krk so zosilnen\u00fdmi kryt\u00fdmi \u0161vami. Pohodln\u00e1 a \u013eahko padn\u00faca tkanina.<br \/>Zlo\u017eenie: Hlavn\u00e1 tkanina: 100% polyester vt\u00e1\u010die oko. Bo\u010dn\u00e9 panely: 100% mikroperforovan\u00fd polyester, 140 g\/m2.<br \/>Pozn\u00e1mky: *Odn\u00edmate\u013en\u00fd \u0161t\u00edtok.<br \/>\n*Technick\u00e1 tkanina.<br \/>\n* Priedu\u0161n\u00e1 tkanina.<br \/>\n<br \/><img decoding=\"async\" src=\"https:\/\/static.gorfactory.es\/pics\/measures\/CA_MC_HO.jpg\"><\/p>","protected":false},"excerpt":{"rendered":"<p>Long-sleeve technical raglan t-shirt with a combination of two polyester fabrics. Main fabric in honeycomb, and side panels and inner<\/p>","protected":false},"featured_media":28643,"comment_status":"open","ping_status":"closed","template":"","meta":[],"product_cat":[535,533],"product_tag":[],"class_list":{"0":"post-28642","1":"product","2":"type-product","3":"status-publish","4":"has-post-thumbnail","6":"product_cat-sport-shirts","7":"product_cat-wint_sp","9":"first","10":"instock","11":"shipping-taxable","12":"purchasable","13":"product-type-variable"},"_links":{"self":[{"href":"https:\/\/www.promotio.sk\/sk\/wp-json\/wp\/v2\/product\/28642","targetHints":{"allow":["GET"]}}],"collection":[{"href":"https:\/\/www.promotio.sk\/sk\/wp-json\/wp\/v2\/product"}],"about":[{"href":"https:\/\/www.promotio.sk\/sk\/wp-json\/wp\/v2\/types\/product"}],"replies":[{"embeddable":true,"href":"https:\/\/www.promotio.sk\/sk\/wp-json\/wp\/v2\/comments?post=28642"}],"wp:featuredmedia":[{"embeddable":true,"href":"https:\/\/www.promotio.sk\/sk\/wp-json\/wp\/v2\/media\/28643"}],"wp:attachment":[{"href":"https:\/\/www.promotio.sk\/sk\/wp-json\/wp\/v2\/media?parent=28642"}],"wp:term":[{"taxonomy":"product_cat","embeddable":true,"href":"https:\/\/www.promotio.sk\/sk\/wp-json\/wp\/v2\/product_cat?post=28642"},{"taxonomy":"product_tag","embeddable":true,"href":"https:\/\/www.promotio.sk\/sk\/wp-json\/wp\/v2\/product_tag?post=28642"}],"curies":[{"name":"wp","href":"https:\/\/api.w.org\/{rel}","templated":true}]}}