{"id":28513,"date":"2024-03-11T21:41:50","date_gmt":"2024-03-11T20:41:50","guid":{"rendered":"https:\/\/www.promotio.sk\/shop\/nezaraden\u00e9\/melbourne-woman\/"},"modified":"2024-03-11T21:47:48","modified_gmt":"2024-03-11T20:47:48","slug":"melbourne-woman","status":"publish","type":"product","link":"https:\/\/www.promotio.sk\/sk\/shop\/promo-clothing\/wint_sp\/sport-shirts\/melbourne-woman\/","title":{"rendered":"\u017dENA Z MELBOURNE"},"content":{"rendered":"<p>D\u00e1mska technick\u00e1 ragl\u00e1nov\u00e1 mikina s dlh\u00fdm ruk\u00e1vom.<br \/>\n1. \u010cesan\u00e1 fleecov\u00e1 pod\u0161\u00edvka.<br \/>\n2. Kontrastn\u00e9 vystu\u017een\u00e9 kryt\u00e9 \u0161vy vo vn\u00fatri krku.<br \/>\n3. Zodpovedaj\u00faci obr\u00e1ten\u00fd polovi\u010dn\u00fd zips s dobre vidite\u013en\u00fdmi detailmi.<br \/>\n4. Detail rozparku na man\u017eet\u00e1ch.<br \/>\n5. Vzor zadnej strany je o nie\u010do dlh\u0161\u00ed ako prednej.<br \/>\n6. Vysoko vidite\u013en\u00e9 detaily na zadnej strane.<br \/>Zlo\u017eenie: 94% polyester \/ 6% elastan, 200 gsm.<br \/>Pozn\u00e1mky: *Odn\u00edmate\u013en\u00fd \u0161t\u00edtok.<br \/>\n*Technick\u00e1 tkanina.<br \/>\n*Koncept duo. <br \/><img decoding=\"async\" src=\"https:\/\/static.gorfactory.es\/pics\/measures\/CA_MC_MU.jpg\"><\/p>","protected":false},"excerpt":{"rendered":"<p>Long-sleeve technical raglan sweatshirt for women. 1. Brushed fleece lining. 2. Contrasting reinforced covered seams inside the neck. 3. Matching<\/p>","protected":false},"featured_media":28514,"comment_status":"open","ping_status":"closed","template":"","meta":[],"product_cat":[535,533],"product_tag":[],"class_list":{"0":"post-28513","1":"product","2":"type-product","3":"status-publish","4":"has-post-thumbnail","6":"product_cat-sport-shirts","7":"product_cat-wint_sp","9":"first","10":"instock","11":"shipping-taxable","12":"purchasable","13":"product-type-variable"},"_links":{"self":[{"href":"https:\/\/www.promotio.sk\/sk\/wp-json\/wp\/v2\/product\/28513","targetHints":{"allow":["GET"]}}],"collection":[{"href":"https:\/\/www.promotio.sk\/sk\/wp-json\/wp\/v2\/product"}],"about":[{"href":"https:\/\/www.promotio.sk\/sk\/wp-json\/wp\/v2\/types\/product"}],"replies":[{"embeddable":true,"href":"https:\/\/www.promotio.sk\/sk\/wp-json\/wp\/v2\/comments?post=28513"}],"wp:featuredmedia":[{"embeddable":true,"href":"https:\/\/www.promotio.sk\/sk\/wp-json\/wp\/v2\/media\/28514"}],"wp:attachment":[{"href":"https:\/\/www.promotio.sk\/sk\/wp-json\/wp\/v2\/media?parent=28513"}],"wp:term":[{"taxonomy":"product_cat","embeddable":true,"href":"https:\/\/www.promotio.sk\/sk\/wp-json\/wp\/v2\/product_cat?post=28513"},{"taxonomy":"product_tag","embeddable":true,"href":"https:\/\/www.promotio.sk\/sk\/wp-json\/wp\/v2\/product_tag?post=28513"}],"curies":[{"name":"wp","href":"https:\/\/api.w.org\/{rel}","templated":true}]}}