{"id":28037,"date":"2024-03-11T13:54:36","date_gmt":"2024-03-11T12:54:36","guid":{"rendered":"https:\/\/www.promotio.sk\/shop\/nezaraden\u00e9\/nebraska\/"},"modified":"2024-03-11T14:02:36","modified_gmt":"2024-03-11T13:02:36","slug":"nebraska","status":"publish","type":"product","link":"https:\/\/www.promotio.sk\/sk\/shop\/promo-clothing\/coats-jackets\/softshell\/nebraska\/","title":{"rendered":"NEBRASKA"},"content":{"rendered":"<p>2-vrstvov\u00fd softshell.<br \/>\n1.- Obr\u00e1ten\u00fd zips so zodpovedaj\u00facim chr\u00e1ni\u010dom brady a s\u0165ahova\u010dom.<br \/>\n2.- Vn\u00fatorn\u00e1 pod\u0161\u00edvka z fleece tkaniny.<br \/>\n3.- Vonkaj\u0161ie vrecko na pravej strane hrudn\u00edka so zodpovedaj\u00facim zipsom a \u0165ah\u00e1kom.<br \/>\n4.- Dve vonkaj\u0161ie vreck\u00e1 so zodpovedaj\u00facim zipsom a \u0165ah\u00e1kom.<br \/>\n5.- Such\u00e9 zipsy na man\u017eet\u00e1ch.<br \/>\n6.- Spodn\u00fd lem s elastickou \u0161n\u00farkou a zar\u00e1\u017ekami.<br \/>\nPriliehav\u00fd strih v d\u00e1mskom modeli.<br \/>Zlo\u017eenie: Dve vrstvy. Pl\u00e1\u0161\u0165: 92% polyester \/ 8% elastan. Pod\u0161\u00edvka: 100% extra tepl\u00fd mikrofleece polyester. 300 gsm.<br \/>Pozn\u00e1mky: * Odoln\u00fd vo\u010di vode.<br \/>\n*Vetruvzdorn\u00e9.<br \/>\n*Koncept duo.<br \/>\n*K dispoz\u00edcii s\u00fa detsk\u00e9 ve\u013ekosti.<br \/>\n*Pri tla\u010di v\u017edy zv\u00e1\u017ete obmedzenia tohto typu tkaniny a potrebu chr\u00e1ni\u0165 atrament pred migr\u00e1ciou.<br \/>\n*Tla\u010d DTF sa pre tento model neodpor\u00fa\u010da.<br \/><img decoding=\"async\" src=\"https:\/\/static.gorfactory.es\/pics\/measures\/SS_HO.jpg\"><\/p>","protected":false},"excerpt":{"rendered":"<p>2-layer softshell. 1.- Inverted zip with matching chin protector and puller. 2.- Inner lining in fleece fabric. 3.- Outside pocket<\/p>","protected":false},"featured_media":28038,"comment_status":"open","ping_status":"closed","template":"","meta":[],"product_cat":[432,516],"product_tag":[],"class_list":{"0":"post-28037","1":"product","2":"type-product","3":"status-publish","4":"has-post-thumbnail","6":"product_cat-coats-jackets","7":"product_cat-softshell","9":"first","10":"instock","11":"shipping-taxable","12":"purchasable","13":"product-type-variable"},"_links":{"self":[{"href":"https:\/\/www.promotio.sk\/sk\/wp-json\/wp\/v2\/product\/28037","targetHints":{"allow":["GET"]}}],"collection":[{"href":"https:\/\/www.promotio.sk\/sk\/wp-json\/wp\/v2\/product"}],"about":[{"href":"https:\/\/www.promotio.sk\/sk\/wp-json\/wp\/v2\/types\/product"}],"replies":[{"embeddable":true,"href":"https:\/\/www.promotio.sk\/sk\/wp-json\/wp\/v2\/comments?post=28037"}],"wp:featuredmedia":[{"embeddable":true,"href":"https:\/\/www.promotio.sk\/sk\/wp-json\/wp\/v2\/media\/28038"}],"wp:attachment":[{"href":"https:\/\/www.promotio.sk\/sk\/wp-json\/wp\/v2\/media?parent=28037"}],"wp:term":[{"taxonomy":"product_cat","embeddable":true,"href":"https:\/\/www.promotio.sk\/sk\/wp-json\/wp\/v2\/product_cat?post=28037"},{"taxonomy":"product_tag","embeddable":true,"href":"https:\/\/www.promotio.sk\/sk\/wp-json\/wp\/v2\/product_tag?post=28037"}],"curies":[{"name":"wp","href":"https:\/\/api.w.org\/{rel}","templated":true}]}}