{"id":27973,"date":"2024-03-11T13:49:18","date_gmt":"2024-03-11T12:49:18","guid":{"rendered":"https:\/\/www.promotio.sk\/shop\/nezaraden\u00e9\/rudolph\/"},"modified":"2024-03-11T13:54:34","modified_gmt":"2024-03-11T12:54:34","slug":"rudolph","status":"publish","type":"product","link":"https:\/\/www.promotio.sk\/sk\/shop\/promo-clothing\/coats-jackets\/softshell\/rudolph\/","title":{"rendered":"RUDOLPH"},"content":{"rendered":"<p>3-vrstvov\u00e1 softshellov\u00e1 bunda s celoprep\u00ednac\u00edm zipsom, chr\u00e1ni\u010dom brady a s\u0165ahova\u010dom. Dve bo\u010dn\u00e9 vreck\u00e1 a jedno na hrudi so zipsom a \u0165ah\u00e1\u010dikom. Such\u00e9 zipsy na man\u017eet\u00e1ch. Oblas\u0165 v tvare jarma na hrudi a chrbte. Lem s vn\u00fatorn\u00fdmi bo\u010dn\u00fdmi nastavova\u010dmi. <br \/>Zlo\u017eenie: Tri vrstvy. Pl\u00e1\u0161\u0165: 95% polyester \/ 5% elastan. Pod\u0161\u00edvka: 100% extra tepl\u00fd mikrofleece polyester. 300 gsm.<br \/>Pozn\u00e1mky: *Odolnos\u0165 proti da\u017e\u010fu: 1000 mm.<br \/>\n*Vodoodoln\u00fd.<br \/>\n*Vetruvzdorn\u00e9.<br \/>\n*Pri tla\u010di v\u017edy zv\u00e1\u017ete obmedzenia tohto typu tkaniny a potrebu chr\u00e1ni\u0165 atrament pred migr\u00e1ciou.<br \/>\n*Tla\u010d DTF sa pre tento model neodpor\u00fa\u010da.<br \/>\n<br \/><img decoding=\"async\" src=\"https:\/\/static.gorfactory.es\/pics\/measures\/SS6435.jpg\"><\/p>","protected":false},"excerpt":{"rendered":"<p>3-layer softshell jacket with full zip, chin protector and puller. Two side pockets and one on the chest with zipper<\/p>","protected":false},"featured_media":27974,"comment_status":"open","ping_status":"closed","template":"","meta":[],"product_cat":[432,516],"product_tag":[],"class_list":{"0":"post-27973","1":"product","2":"type-product","3":"status-publish","4":"has-post-thumbnail","6":"product_cat-coats-jackets","7":"product_cat-softshell","9":"first","10":"instock","11":"shipping-taxable","12":"purchasable","13":"product-type-variable"},"_links":{"self":[{"href":"https:\/\/www.promotio.sk\/sk\/wp-json\/wp\/v2\/product\/27973","targetHints":{"allow":["GET"]}}],"collection":[{"href":"https:\/\/www.promotio.sk\/sk\/wp-json\/wp\/v2\/product"}],"about":[{"href":"https:\/\/www.promotio.sk\/sk\/wp-json\/wp\/v2\/types\/product"}],"replies":[{"embeddable":true,"href":"https:\/\/www.promotio.sk\/sk\/wp-json\/wp\/v2\/comments?post=27973"}],"wp:featuredmedia":[{"embeddable":true,"href":"https:\/\/www.promotio.sk\/sk\/wp-json\/wp\/v2\/media\/27974"}],"wp:attachment":[{"href":"https:\/\/www.promotio.sk\/sk\/wp-json\/wp\/v2\/media?parent=27973"}],"wp:term":[{"taxonomy":"product_cat","embeddable":true,"href":"https:\/\/www.promotio.sk\/sk\/wp-json\/wp\/v2\/product_cat?post=27973"},{"taxonomy":"product_tag","embeddable":true,"href":"https:\/\/www.promotio.sk\/sk\/wp-json\/wp\/v2\/product_tag?post=27973"}],"curies":[{"name":"wp","href":"https:\/\/api.w.org\/{rel}","templated":true}]}}