{"id":27928,"date":"2024-03-11T13:45:28","date_gmt":"2024-03-11T12:45:28","guid":{"rendered":"https:\/\/www.promotio.sk\/shop\/nezaraden\u00e9\/antartida-woman\/"},"modified":"2024-03-11T13:49:16","modified_gmt":"2024-03-11T12:49:16","slug":"antartida-woman","status":"publish","type":"product","link":"https:\/\/www.promotio.sk\/sk\/shop\/promo-clothing\/coats-jackets\/softshell\/antartida-woman\/","title":{"rendered":"ANTARTIDOV\u00c1 \u017dENA"},"content":{"rendered":"<p>2-vrstvov\u00fd softshell s obr\u00e1ten\u00fdm zipsom s uzavret\u00fdm efektom, so zodpovedaj\u00facim chr\u00e1ni\u010dom brady a s\u0165ahova\u010dom zipsu. Tri vonkaj\u0161ie vreck\u00e1 so zodpovedaj\u00facim zipsom a \u0165ah\u00e1kom. Such\u00e9 zipsy na man\u017eet\u00e1ch. Spodn\u00fd lem s elastickou s\u0165ahovacou \u0161n\u00farkou a zar\u00e1\u017ekami.<br \/>Zlo\u017eenie: Dve vrstvy.<br \/>\n\u0160krupina: 92 % polyester \/ 8% elastan.<br \/>\nPod\u0161\u00edvka: 100% extra tepl\u00fd mikrofleece polyester.<br \/>\n300 gsm.<br \/>Pozn\u00e1mky: *Tkanina odoln\u00e1 vo\u010di vetru.<br \/>\n* Odoln\u00fd vo\u010di vode<br \/>\n*Koncept Duo.<br \/>\n*Priamy strih v d\u00e1mskom modeli.<br \/>\n*Ragl\u00e1nov\u00fd ruk\u00e1v len v d\u00e1mskom modeli.<br \/>\n*Vodn\u00fd st\u013apec: 1000 mm.<br \/>\n*Pri tla\u010di v\u017edy zv\u00e1\u017ete obmedzenia tohto typu tkaniny a potrebu chr\u00e1ni\u0165 atrament pred migr\u00e1ciou.<br \/>\n*Tla\u010d DTF sa pre tento model neodpor\u00fa\u010da.<br \/><img decoding=\"async\" src=\"https:\/\/static.gorfactory.es\/pics\/measures\/SS6433.jpg\"><\/p>","protected":false},"excerpt":{"rendered":"<p>2-layer softshell with inverted sealed-effect zip, with matching chin protector and zipper puller. Three outside pockets with matching zip and<\/p>","protected":false},"featured_media":27929,"comment_status":"open","ping_status":"closed","template":"","meta":[],"product_cat":[432,516],"product_tag":[],"class_list":{"0":"post-27928","1":"product","2":"type-product","3":"status-publish","4":"has-post-thumbnail","6":"product_cat-coats-jackets","7":"product_cat-softshell","9":"first","10":"instock","11":"shipping-taxable","12":"purchasable","13":"product-type-variable"},"_links":{"self":[{"href":"https:\/\/www.promotio.sk\/sk\/wp-json\/wp\/v2\/product\/27928","targetHints":{"allow":["GET"]}}],"collection":[{"href":"https:\/\/www.promotio.sk\/sk\/wp-json\/wp\/v2\/product"}],"about":[{"href":"https:\/\/www.promotio.sk\/sk\/wp-json\/wp\/v2\/types\/product"}],"replies":[{"embeddable":true,"href":"https:\/\/www.promotio.sk\/sk\/wp-json\/wp\/v2\/comments?post=27928"}],"wp:featuredmedia":[{"embeddable":true,"href":"https:\/\/www.promotio.sk\/sk\/wp-json\/wp\/v2\/media\/27929"}],"wp:attachment":[{"href":"https:\/\/www.promotio.sk\/sk\/wp-json\/wp\/v2\/media?parent=27928"}],"wp:term":[{"taxonomy":"product_cat","embeddable":true,"href":"https:\/\/www.promotio.sk\/sk\/wp-json\/wp\/v2\/product_cat?post=27928"},{"taxonomy":"product_tag","embeddable":true,"href":"https:\/\/www.promotio.sk\/sk\/wp-json\/wp\/v2\/product_tag?post=27928"}],"curies":[{"name":"wp","href":"https:\/\/api.w.org\/{rel}","templated":true}]}}