{"id":27864,"date":"2024-03-11T13:40:39","date_gmt":"2024-03-11T12:40:39","guid":{"rendered":"https:\/\/www.promotio.sk\/shop\/nezaraden\u00e9\/antartida\/"},"modified":"2024-03-11T13:45:25","modified_gmt":"2024-03-11T12:45:25","slug":"antartida","status":"publish","type":"product","link":"https:\/\/www.promotio.sk\/sk\/shop\/promo-clothing\/coats-jackets\/softshell\/antartida\/","title":{"rendered":"ANTARTIDA"},"content":{"rendered":"<p>2-vrstvov\u00fd softshell s teplou vn\u00fatornou pod\u0161\u00edvkou z mikrofleece. Obr\u00e1ten\u00fd centr\u00e1lny zips so zodpovedaj\u00facim chr\u00e1ni\u010dom brady a s\u0165ahova\u010dom. Strihov\u00fd detail na hrudi. Dve bo\u010dn\u00e9 vreck\u00e1 a jedno na hrudi na zips. Such\u00e9 zipsy na man\u017eet\u00e1ch. Lem s vn\u00fatorn\u00fdmi bo\u010dn\u00fdmi nastavova\u010dmi.<br \/>\n<br \/>Zlo\u017eenie: Dve vrstvy. \u0160krupina: 92 % polyester \/ 8% elastan. Pod\u0161\u00edvka: 100% extra tepl\u00fd mikrofleece polyester. 300 gsm.<br \/>Pozn\u00e1mky: *Ragl\u00e1nov\u00fd ruk\u00e1v len u d\u00e1mskeho modelu.<br \/>\n* 1000 mm. vodn\u00fd st\u013apec.<br \/>\n* Odoln\u00fd vo\u010di vode.<br \/>\n* Tkanina odoln\u00e1 vo\u010di vetru.<br \/>\n*Koncept duo.<br \/>\n*K dispoz\u00edcii s\u00fa detsk\u00e9 ve\u013ekosti.<br \/>\n*Pri tla\u010di v\u017edy zv\u00e1\u017ete obmedzenia tohto typu tkaniny a potrebu chr\u00e1ni\u0165 atrament pred migr\u00e1ciou.<br \/>\n*Tla\u010d DTF sa pre tento model neodpor\u00fa\u010da.<br \/><img decoding=\"async\" src=\"https:\/\/static.gorfactory.es\/pics\/measures\/SS6432.jpg\"><\/p>","protected":false},"excerpt":{"rendered":"<p>2-layer softshell with warm inner lining in microfleece fabric. Inverted central zip with matching chin protector and puller. Cut detail<\/p>","protected":false},"featured_media":27865,"comment_status":"open","ping_status":"closed","template":"","meta":[],"product_cat":[432,516],"product_tag":[],"class_list":{"0":"post-27864","1":"product","2":"type-product","3":"status-publish","4":"has-post-thumbnail","6":"product_cat-coats-jackets","7":"product_cat-softshell","9":"first","10":"instock","11":"shipping-taxable","12":"purchasable","13":"product-type-variable"},"_links":{"self":[{"href":"https:\/\/www.promotio.sk\/sk\/wp-json\/wp\/v2\/product\/27864","targetHints":{"allow":["GET"]}}],"collection":[{"href":"https:\/\/www.promotio.sk\/sk\/wp-json\/wp\/v2\/product"}],"about":[{"href":"https:\/\/www.promotio.sk\/sk\/wp-json\/wp\/v2\/types\/product"}],"replies":[{"embeddable":true,"href":"https:\/\/www.promotio.sk\/sk\/wp-json\/wp\/v2\/comments?post=27864"}],"wp:featuredmedia":[{"embeddable":true,"href":"https:\/\/www.promotio.sk\/sk\/wp-json\/wp\/v2\/media\/27865"}],"wp:attachment":[{"href":"https:\/\/www.promotio.sk\/sk\/wp-json\/wp\/v2\/media?parent=27864"}],"wp:term":[{"taxonomy":"product_cat","embeddable":true,"href":"https:\/\/www.promotio.sk\/sk\/wp-json\/wp\/v2\/product_cat?post=27864"},{"taxonomy":"product_tag","embeddable":true,"href":"https:\/\/www.promotio.sk\/sk\/wp-json\/wp\/v2\/product_tag?post=27864"}],"curies":[{"name":"wp","href":"https:\/\/api.w.org\/{rel}","templated":true}]}}