{"id":27806,"date":"2024-03-11T13:35:42","date_gmt":"2024-03-11T12:35:42","guid":{"rendered":"https:\/\/www.promotio.sk\/shop\/nezaraden\u00e9\/siberia\/"},"modified":"2024-03-11T21:18:19","modified_gmt":"2024-03-11T20:18:19","slug":"siberia","status":"publish","type":"product","link":"https:\/\/www.promotio.sk\/sk\/shop\/promo-clothing\/coats-jackets\/softshell\/siberia\/","title":{"rendered":"SIBERIA"},"content":{"rendered":"<p>2-vrstvov\u00fd \u0161portov\u00fd softshell.<br \/>\n\u00b7 Vstrekovan\u00fd centr\u00e1lny zips s kontrastn\u00fdm chr\u00e1ni\u010dom brady a s\u0165ahova\u010dom.<br \/>\n\u00b7 Tepl\u00e1 vn\u00fatorn\u00e1 pod\u0161\u00edvka z kontrastnej mikrofl\u00edsovej tkaniny.<br \/>\n\u00b7 Dve bo\u010dn\u00e9 vreck\u00e1 a jedno na hrudi s nevidite\u013en\u00fdm zipsom a \u0165ah\u00e1kom.<br \/>\n\u00b7 Mal\u00e9 vrecko na \u013eavom ruk\u00e1ve.<br \/>\n\u00b7 Zodpovedaj\u00faci elastick\u00fd lem na man\u017eet\u00e1ch a leme.<br \/>\n\u00b7 Skladacia kapuc\u0148a s kontrastnou mikropol\u00e1rnou pod\u0161\u00edvkou.<br \/>Zlo\u017eenie: Dve vrstvy. Pl\u00e1\u0161\u0165: 92% polyester \/ 8% elastan. Pod\u0161\u00edvka: 100% extra tepl\u00fd mikrofleece polyester. 300 gsm.<br \/>Pozn\u00e1mky: *Odn\u00edmate\u013en\u00fd \u0161t\u00edtok.<br \/>\n*Vodoodoln\u00fd.<br \/>\n*Vetruvzdorn\u00e9.<br \/>\n*Pri tla\u010di v\u017edy zv\u00e1\u017ete obmedzenia tohto typu tkaniny a potrebu chr\u00e1ni\u0165 atrament pred migr\u00e1ciou.<br \/>\n*Tla\u010d DTF sa pre tento model neodpor\u00fa\u010da.<br \/><img decoding=\"async\" src=\"https:\/\/static.gorfactory.es\/pics\/measures\/SS_HO.jpg\"><\/p>","protected":false},"excerpt":{"rendered":"<p>2-layer sports softshell. \u00b7 Injected central zip with contrasting chin protector and puller. \u00b7 Warm inner lining in contrasting microfleece<\/p>","protected":false},"featured_media":27807,"comment_status":"open","ping_status":"closed","template":"","meta":[],"product_cat":[432,516],"product_tag":[],"class_list":{"0":"post-27806","1":"product","2":"type-product","3":"status-publish","4":"has-post-thumbnail","6":"product_cat-coats-jackets","7":"product_cat-softshell","9":"first","10":"instock","11":"shipping-taxable","12":"purchasable","13":"product-type-variable"},"_links":{"self":[{"href":"https:\/\/www.promotio.sk\/sk\/wp-json\/wp\/v2\/product\/27806","targetHints":{"allow":["GET"]}}],"collection":[{"href":"https:\/\/www.promotio.sk\/sk\/wp-json\/wp\/v2\/product"}],"about":[{"href":"https:\/\/www.promotio.sk\/sk\/wp-json\/wp\/v2\/types\/product"}],"replies":[{"embeddable":true,"href":"https:\/\/www.promotio.sk\/sk\/wp-json\/wp\/v2\/comments?post=27806"}],"wp:featuredmedia":[{"embeddable":true,"href":"https:\/\/www.promotio.sk\/sk\/wp-json\/wp\/v2\/media\/27807"}],"wp:attachment":[{"href":"https:\/\/www.promotio.sk\/sk\/wp-json\/wp\/v2\/media?parent=27806"}],"wp:term":[{"taxonomy":"product_cat","embeddable":true,"href":"https:\/\/www.promotio.sk\/sk\/wp-json\/wp\/v2\/product_cat?post=27806"},{"taxonomy":"product_tag","embeddable":true,"href":"https:\/\/www.promotio.sk\/sk\/wp-json\/wp\/v2\/product_tag?post=27806"}],"curies":[{"name":"wp","href":"https:\/\/api.w.org\/{rel}","templated":true}]}}