{"id":27766,"date":"2024-03-11T13:31:42","date_gmt":"2024-03-11T12:31:42","guid":{"rendered":"https:\/\/www.promotio.sk\/shop\/nezaraden\u00e9\/himalaya-woman\/"},"modified":"2024-03-11T21:18:36","modified_gmt":"2024-03-11T20:18:36","slug":"himalaya-woman","status":"publish","type":"product","link":"https:\/\/www.promotio.sk\/sk\/shop\/promo-clothing\/coats-jackets\/himalaya-woman\/","title":{"rendered":"HIMAL\u00c1JSK\u00c1 \u017dENA"},"content":{"rendered":"<p>Microfleece s polovi\u010dn\u00fdm zipsom na krku a chr\u00e1ni\u010di brady. Man\u017eety so zodpovedaj\u00facim elastick\u00fdm lemom. Slim-fit.<br \/>Zlo\u017eenie: 100% microfleece polyester, 155 gsm.  <br \/>Pozn\u00e1mky: *Odn\u00edmate\u013en\u00fd \u0161t\u00edtok.<br \/>\n*Koncept duo.<br \/><img decoding=\"async\" src=\"https:\/\/static.gorfactory.es\/pics\/measures\/SM1096.jpg\"><\/p>","protected":false},"excerpt":{"rendered":"<p>Microfleece with half zipper in neck and chin protector. Cuffs with matching elastic trim. Slim-fit.Composition: 100% microfleece polyester, 155 gsm.<\/p>","protected":false},"featured_media":27767,"comment_status":"open","ping_status":"closed","template":"","meta":[],"product_cat":[432,512],"product_tag":[],"class_list":{"0":"post-27766","1":"product","2":"type-product","3":"status-publish","4":"has-post-thumbnail","6":"product_cat-coats-jackets","7":"product_cat-pol","9":"first","10":"instock","11":"shipping-taxable","12":"purchasable","13":"product-type-variable"},"_links":{"self":[{"href":"https:\/\/www.promotio.sk\/sk\/wp-json\/wp\/v2\/product\/27766","targetHints":{"allow":["GET"]}}],"collection":[{"href":"https:\/\/www.promotio.sk\/sk\/wp-json\/wp\/v2\/product"}],"about":[{"href":"https:\/\/www.promotio.sk\/sk\/wp-json\/wp\/v2\/types\/product"}],"replies":[{"embeddable":true,"href":"https:\/\/www.promotio.sk\/sk\/wp-json\/wp\/v2\/comments?post=27766"}],"wp:featuredmedia":[{"embeddable":true,"href":"https:\/\/www.promotio.sk\/sk\/wp-json\/wp\/v2\/media\/27767"}],"wp:attachment":[{"href":"https:\/\/www.promotio.sk\/sk\/wp-json\/wp\/v2\/media?parent=27766"}],"wp:term":[{"taxonomy":"product_cat","embeddable":true,"href":"https:\/\/www.promotio.sk\/sk\/wp-json\/wp\/v2\/product_cat?post=27766"},{"taxonomy":"product_tag","embeddable":true,"href":"https:\/\/www.promotio.sk\/sk\/wp-json\/wp\/v2\/product_tag?post=27766"}],"curies":[{"name":"wp","href":"https:\/\/api.w.org\/{rel}","templated":true}]}}