{"id":27715,"date":"2024-03-11T13:27:21","date_gmt":"2024-03-11T12:27:21","guid":{"rendered":"https:\/\/www.promotio.sk\/shop\/nezaraden\u00e9\/himalaya\/"},"modified":"2024-03-11T21:18:46","modified_gmt":"2024-03-11T20:18:46","slug":"himalaya","status":"publish","type":"product","link":"https:\/\/www.promotio.sk\/sk\/shop\/promo-clothing\/coats-jackets\/himalaya\/","title":{"rendered":"HIMAL\u00c1JA"},"content":{"rendered":"<p>Microfleece s polovi\u010dn\u00fdm zipsom na krku a chr\u00e1ni\u010di brady. Man\u017eety so zodpovedaj\u00facim elastick\u00fdm lemom.<br \/>Zlo\u017eenie: 100% microfleece polyester, 155 gsm.  <br \/>Pozn\u00e1mky: *Odn\u00edmate\u013en\u00fd \u0161t\u00edtok.<br \/>\n*Koncept duo.<br \/>\n*K dispoz\u00edcii s\u00fa detsk\u00e9 ve\u013ekosti.<br \/><img decoding=\"async\" src=\"https:\/\/static.gorfactory.es\/pics\/measures\/SM1095.jpg\"><\/p>","protected":false},"excerpt":{"rendered":"<p>Microfleece with half zipper in neck and chin protector. Cuffs with matching elastic trim.Composition: 100% microfleece polyester, 155 gsm. Remarks:<\/p>","protected":false},"featured_media":27716,"comment_status":"open","ping_status":"closed","template":"","meta":[],"product_cat":[432,512],"product_tag":[],"class_list":{"0":"post-27715","1":"product","2":"type-product","3":"status-publish","4":"has-post-thumbnail","6":"product_cat-coats-jackets","7":"product_cat-pol","9":"first","10":"instock","11":"shipping-taxable","12":"purchasable","13":"product-type-variable"},"_links":{"self":[{"href":"https:\/\/www.promotio.sk\/sk\/wp-json\/wp\/v2\/product\/27715","targetHints":{"allow":["GET"]}}],"collection":[{"href":"https:\/\/www.promotio.sk\/sk\/wp-json\/wp\/v2\/product"}],"about":[{"href":"https:\/\/www.promotio.sk\/sk\/wp-json\/wp\/v2\/types\/product"}],"replies":[{"embeddable":true,"href":"https:\/\/www.promotio.sk\/sk\/wp-json\/wp\/v2\/comments?post=27715"}],"wp:featuredmedia":[{"embeddable":true,"href":"https:\/\/www.promotio.sk\/sk\/wp-json\/wp\/v2\/media\/27716"}],"wp:attachment":[{"href":"https:\/\/www.promotio.sk\/sk\/wp-json\/wp\/v2\/media?parent=27715"}],"wp:term":[{"taxonomy":"product_cat","embeddable":true,"href":"https:\/\/www.promotio.sk\/sk\/wp-json\/wp\/v2\/product_cat?post=27715"},{"taxonomy":"product_tag","embeddable":true,"href":"https:\/\/www.promotio.sk\/sk\/wp-json\/wp\/v2\/product_tag?post=27715"}],"curies":[{"name":"wp","href":"https:\/\/api.w.org\/{rel}","templated":true}]}}