{"id":27671,"date":"2024-03-11T13:23:51","date_gmt":"2024-03-11T12:23:51","guid":{"rendered":"https:\/\/www.promotio.sk\/shop\/nezaraden\u00e9\/norway-sport\/"},"modified":"2024-03-11T21:04:06","modified_gmt":"2024-03-11T20:04:06","slug":"norway-sport","status":"publish","type":"product","link":"https:\/\/www.promotio.sk\/sk\/shop\/promo-clothing\/coats-jackets\/jackets\/norway-sport\/","title":{"rendered":"N\u00d3RSKO \u0160PORT"},"content":{"rendered":"<p>Vatovan\u00e1 \u0161portov\u00e1 bunda s v\u00fdpl\u0148ou z peria.<br \/>\n\u00b7 Kontrastn\u00fd obr\u00e1ten\u00fd predn\u00fd zips s chr\u00e1ni\u010dom brady a s\u0165ahova\u010dom.<br \/>\n\u00b7 Pevne nastaven\u00e1 kapuc\u0148a.<br \/>\n\u00b7 Bo\u010dn\u00e9 vreck\u00e1 s kontrastn\u00fdm obr\u00e1ten\u00fdm zipsom a \u0165ah\u00e1\u010dikom.<br \/>\n\u00b7 Vysoko vidite\u013en\u00e9 detaily na ruk\u00e1voch a chrbte.<br \/>\n\u00b7 Vzor lemu o 4 cm dlh\u0161\u00ed ako model NORWAY.<br \/>\n\u00b7 Kontrastn\u00fd elastick\u00fd lem na kapucni, man\u017eet\u00e1ch a spodnom leme.<br \/>\n\u00b7 Vr\u00e1tane \u00falo\u017enej ta\u0161ky.<br \/>Zlo\u017eenie: Pl\u00e1\u0161\u0165: 100% polyester, 300T.<br \/>\nPod\u0161\u00edvka: 100% polyester.<br \/>\nV\u00fdpl\u0148: 100% polyester, efekt peria.<br \/>\n290 gsm.<br \/>Pozn\u00e1mky: * Vetruodoln\u00fd model.<br \/>\n* Vodeodoln\u00fd<br \/>\n* Dostupn\u00e9 v detsk\u00fdch ve\u013ekostiach.<\/p>","protected":false},"excerpt":{"rendered":"<p>Padded sports jacket with feather touch filling. \u00b7 Contrasting reversed front zip with chin protector and puller. \u00b7 Fixed adjusted<\/p>","protected":false},"featured_media":27672,"comment_status":"open","ping_status":"closed","template":"","meta":[],"product_cat":[432,531],"product_tag":[],"class_list":{"0":"post-27671","1":"product","2":"type-product","3":"status-publish","4":"has-post-thumbnail","6":"product_cat-coats-jackets","7":"product_cat-jackets","9":"first","10":"instock","11":"shipping-taxable","12":"purchasable","13":"product-type-variable"},"_links":{"self":[{"href":"https:\/\/www.promotio.sk\/sk\/wp-json\/wp\/v2\/product\/27671","targetHints":{"allow":["GET"]}}],"collection":[{"href":"https:\/\/www.promotio.sk\/sk\/wp-json\/wp\/v2\/product"}],"about":[{"href":"https:\/\/www.promotio.sk\/sk\/wp-json\/wp\/v2\/types\/product"}],"replies":[{"embeddable":true,"href":"https:\/\/www.promotio.sk\/sk\/wp-json\/wp\/v2\/comments?post=27671"}],"wp:featuredmedia":[{"embeddable":true,"href":"https:\/\/www.promotio.sk\/sk\/wp-json\/wp\/v2\/media\/27672"}],"wp:attachment":[{"href":"https:\/\/www.promotio.sk\/sk\/wp-json\/wp\/v2\/media?parent=27671"}],"wp:term":[{"taxonomy":"product_cat","embeddable":true,"href":"https:\/\/www.promotio.sk\/sk\/wp-json\/wp\/v2\/product_cat?post=27671"},{"taxonomy":"product_tag","embeddable":true,"href":"https:\/\/www.promotio.sk\/sk\/wp-json\/wp\/v2\/product_tag?post=27671"}],"curies":[{"name":"wp","href":"https:\/\/api.w.org\/{rel}","templated":true}]}}