{"id":27621,"date":"2024-03-11T13:19:57","date_gmt":"2024-03-11T12:19:57","guid":{"rendered":"https:\/\/www.promotio.sk\/shop\/nezaraden\u00e9\/finland-woman\/"},"modified":"2024-03-11T21:02:48","modified_gmt":"2024-03-11T20:02:48","slug":"finland-woman","status":"publish","type":"product","link":"https:\/\/www.promotio.sk\/sk\/shop\/promo-clothing\/coats-jackets\/jackets\/finland-woman\/","title":{"rendered":"F\u00cdNSKO \u017dENA"},"content":{"rendered":"<p>D\u00e1mska pre\u0161\u00edvan\u00e1 bunda s perovou dotykovou v\u00fdpl\u0148ou.<br \/>\n\u00b7 Obr\u00e1ten\u00e9 zipsy so zodpovedaj\u00facim chr\u00e1ni\u010dom brady a s\u0165ahova\u010dom.<br \/>\n\u00b7 Dve bo\u010dn\u00e9 vreck\u00e1 so zipsom.<br \/>\n\u00b7 Zodpovedaj\u00face elastick\u00e9 lemy na man\u017eet\u00e1ch a leme.<br \/>\n\u00b7 Kontrastn\u00e1 vn\u00fatorn\u00e1 pod\u0161\u00edvka.<br \/>Zlo\u017eenie: Pl\u00e1\u0161\u0165: 100% polyester, 300T.<br \/>\nPod\u0161\u00edvka: 100% polyester.<br \/>\nV\u00fdpl\u0148: 100% polyester, efekt peria.<br \/>\n290 gsm.<br \/>Pozn\u00e1mky: \u013dahk\u00fd a skladn\u00fd odev.<br \/>\nVypasovan\u00fd strih.<br \/>\n* Odn\u00edmate\u013en\u00fd \u0161t\u00edtok.<br \/>\n* Odoln\u00fd vo\u010di vode.<br \/>\n*Vetruvzdorn\u00e9.<br \/>\n*Koncept duo.<\/p>","protected":false},"excerpt":{"rendered":"<p>Women&#8217;s quilted jacket with feather touch padding. \u00b7 Inverted zippers with matching chin protector and puller. \u00b7 Two side pockets<\/p>","protected":false},"featured_media":27622,"comment_status":"open","ping_status":"closed","template":"","meta":[],"product_cat":[432,531],"product_tag":[],"class_list":{"0":"post-27621","1":"product","2":"type-product","3":"status-publish","4":"has-post-thumbnail","6":"product_cat-coats-jackets","7":"product_cat-jackets","9":"first","10":"instock","11":"shipping-taxable","12":"purchasable","13":"product-type-variable"},"_links":{"self":[{"href":"https:\/\/www.promotio.sk\/sk\/wp-json\/wp\/v2\/product\/27621","targetHints":{"allow":["GET"]}}],"collection":[{"href":"https:\/\/www.promotio.sk\/sk\/wp-json\/wp\/v2\/product"}],"about":[{"href":"https:\/\/www.promotio.sk\/sk\/wp-json\/wp\/v2\/types\/product"}],"replies":[{"embeddable":true,"href":"https:\/\/www.promotio.sk\/sk\/wp-json\/wp\/v2\/comments?post=27621"}],"wp:featuredmedia":[{"embeddable":true,"href":"https:\/\/www.promotio.sk\/sk\/wp-json\/wp\/v2\/media\/27622"}],"wp:attachment":[{"href":"https:\/\/www.promotio.sk\/sk\/wp-json\/wp\/v2\/media?parent=27621"}],"wp:term":[{"taxonomy":"product_cat","embeddable":true,"href":"https:\/\/www.promotio.sk\/sk\/wp-json\/wp\/v2\/product_cat?post=27621"},{"taxonomy":"product_tag","embeddable":true,"href":"https:\/\/www.promotio.sk\/sk\/wp-json\/wp\/v2\/product_tag?post=27621"}],"curies":[{"name":"wp","href":"https:\/\/api.w.org\/{rel}","templated":true}]}}