{"id":27411,"date":"2024-03-11T13:03:28","date_gmt":"2024-03-11T12:03:28","guid":{"rendered":"https:\/\/www.promotio.sk\/shop\/nezaraden\u00e9\/oslo\/"},"modified":"2024-03-11T13:10:20","modified_gmt":"2024-03-11T12:10:20","slug":"oslo","status":"publish","type":"product","link":"https:\/\/www.promotio.sk\/sk\/shop\/promo-clothing\/coats-jackets\/cha\/oslo\/","title":{"rendered":"OSLO"},"content":{"rendered":"<p>Vesta s perovou dotykovou v\u00fdpl\u0148ou. Obr\u00e1ten\u00e9 zipsy so zodpovedaj\u00facim chr\u00e1ni\u010dom brady a s\u0165ahova\u010dom. Dve bo\u010dn\u00e9 vreck\u00e1 so zipsom. Elastick\u00fd lem na leme a prieramkoch. Kontrastn\u00e1 vn\u00fatorn\u00e1 pod\u0161\u00edvka. \u013dahk\u00fd a skladn\u00fd odev.<br \/>Zlo\u017eenie: Pl\u00e1\u0161\u0165: 100% polyester, 300T.<br \/>\nPod\u0161\u00edvka: 100% polyester.<br \/>\nV\u00fdpl\u0148: 100% polyester, efekt peria.<br \/>\n290 gsm.<br \/>Pozn\u00e1mky: * Odoln\u00fd vo\u010di vode.<br \/>\n*Vetruodoln\u00fd model.<br \/>\n*Koncept duo.<\/p>","protected":false},"excerpt":{"rendered":"<p>Gilet vest with feather touch filling. Inverted zips with matching chin protector and puller. Two side pockets with zip. Elastic<\/p>","protected":false},"featured_media":27412,"comment_status":"open","ping_status":"closed","template":"","meta":[],"product_cat":[432,513],"product_tag":[],"class_list":{"0":"post-27411","1":"product","2":"type-product","3":"status-publish","4":"has-post-thumbnail","6":"product_cat-coats-jackets","7":"product_cat-cha","9":"first","10":"instock","11":"shipping-taxable","12":"purchasable","13":"product-type-variable"},"_links":{"self":[{"href":"https:\/\/www.promotio.sk\/sk\/wp-json\/wp\/v2\/product\/27411","targetHints":{"allow":["GET"]}}],"collection":[{"href":"https:\/\/www.promotio.sk\/sk\/wp-json\/wp\/v2\/product"}],"about":[{"href":"https:\/\/www.promotio.sk\/sk\/wp-json\/wp\/v2\/types\/product"}],"replies":[{"embeddable":true,"href":"https:\/\/www.promotio.sk\/sk\/wp-json\/wp\/v2\/comments?post=27411"}],"wp:featuredmedia":[{"embeddable":true,"href":"https:\/\/www.promotio.sk\/sk\/wp-json\/wp\/v2\/media\/27412"}],"wp:attachment":[{"href":"https:\/\/www.promotio.sk\/sk\/wp-json\/wp\/v2\/media?parent=27411"}],"wp:term":[{"taxonomy":"product_cat","embeddable":true,"href":"https:\/\/www.promotio.sk\/sk\/wp-json\/wp\/v2\/product_cat?post=27411"},{"taxonomy":"product_tag","embeddable":true,"href":"https:\/\/www.promotio.sk\/sk\/wp-json\/wp\/v2\/product_tag?post=27411"}],"curies":[{"name":"wp","href":"https:\/\/api.w.org\/{rel}","templated":true}]}}