{"id":27384,"date":"2024-03-11T13:01:12","date_gmt":"2024-03-11T12:01:12","guid":{"rendered":"https:\/\/www.promotio.sk\/shop\/nezaraden\u00e9\/norway-woman\/"},"modified":"2024-03-11T21:04:28","modified_gmt":"2024-03-11T20:04:28","slug":"norway-woman","status":"publish","type":"product","link":"https:\/\/www.promotio.sk\/sk\/shop\/promo-clothing\/coats-jackets\/jackets\/norway-woman\/","title":{"rendered":"N\u00d3RSKO \u017dENA"},"content":{"rendered":"<p>Pre\u0161\u00edvan\u00e1 vypasovan\u00e1 bunda s p\u00e1perovou v\u00fdpl\u0148ou a kapuc\u0148ou.<br \/>\n\u00b7 Obr\u00e1ten\u00e9 zipsy so zodpovedaj\u00facim chr\u00e1ni\u010dom brady a s\u0165ahova\u010dom.<br \/>\n\u00b7 Dve bo\u010dn\u00e9 vreck\u00e1 so zipsom.<br \/>\n\u00b7 Zodpovedaj\u00faci elastick\u00fd lem na man\u017eet\u00e1ch, leme a kapucni.<br \/>\n\u00b7 Kontrastn\u00e1 vn\u00fatorn\u00e1 pod\u0161\u00edvka.<br \/>\n\u00b7 \u013dahk\u00fd a skladn\u00fd odev.<br \/>\n<br \/>Zlo\u017eenie: Pl\u00e1\u0161\u0165: 100% polyester, 300T.<br \/>\nPod\u0161\u00edvka: 100% polyester.<br \/>\nV\u00fdpl\u0148: 100% polyester, efekt peria.<br \/>\n290 gsm.<br \/>Pozn\u00e1mky: * Odoln\u00fd vo\u010di vode.<br \/>\n*Vetruodoln\u00fd model.<br \/>\n*Koncept Duo.<\/p>","protected":false},"excerpt":{"rendered":"<p>Quilted fitted jacket with feather touch filling and hood. \u00b7 Inverted zips with matching chin protector and puller. \u00b7 Two<\/p>","protected":false},"featured_media":27385,"comment_status":"open","ping_status":"closed","template":"","meta":[],"product_cat":[432,531],"product_tag":[],"class_list":{"0":"post-27384","1":"product","2":"type-product","3":"status-publish","4":"has-post-thumbnail","6":"product_cat-coats-jackets","7":"product_cat-jackets","9":"first","10":"instock","11":"shipping-taxable","12":"purchasable","13":"product-type-variable"},"_links":{"self":[{"href":"https:\/\/www.promotio.sk\/sk\/wp-json\/wp\/v2\/product\/27384","targetHints":{"allow":["GET"]}}],"collection":[{"href":"https:\/\/www.promotio.sk\/sk\/wp-json\/wp\/v2\/product"}],"about":[{"href":"https:\/\/www.promotio.sk\/sk\/wp-json\/wp\/v2\/types\/product"}],"replies":[{"embeddable":true,"href":"https:\/\/www.promotio.sk\/sk\/wp-json\/wp\/v2\/comments?post=27384"}],"wp:featuredmedia":[{"embeddable":true,"href":"https:\/\/www.promotio.sk\/sk\/wp-json\/wp\/v2\/media\/27385"}],"wp:attachment":[{"href":"https:\/\/www.promotio.sk\/sk\/wp-json\/wp\/v2\/media?parent=27384"}],"wp:term":[{"taxonomy":"product_cat","embeddable":true,"href":"https:\/\/www.promotio.sk\/sk\/wp-json\/wp\/v2\/product_cat?post=27384"},{"taxonomy":"product_tag","embeddable":true,"href":"https:\/\/www.promotio.sk\/sk\/wp-json\/wp\/v2\/product_tag?post=27384"}],"curies":[{"name":"wp","href":"https:\/\/api.w.org\/{rel}","templated":true}]}}