{"id":27291,"date":"2024-03-11T12:53:57","date_gmt":"2024-03-11T11:53:57","guid":{"rendered":"https:\/\/www.promotio.sk\/shop\/nezaraden\u00e9\/nevada\/"},"modified":"2024-03-11T12:55:56","modified_gmt":"2024-03-11T11:55:56","slug":"nevada","status":"publish","type":"product","link":"https:\/\/www.promotio.sk\/sk\/shop\/promo-clothing\/coats-jackets\/cha\/nevada\/","title":{"rendered":"NEVADA"},"content":{"rendered":"<p>2-vrstvov\u00e1 softshellov\u00e1 vlo\u017eka s teplou vn\u00fatornou pod\u0161\u00edvkou z mikrofleece. Obr\u00e1ten\u00fd stredov\u00fd zips s kontrastn\u00fdm chr\u00e1ni\u010dom brady a s\u0165ahova\u010dom. Dve bo\u010dn\u00e9 vreck\u00e1 a jedno na hrudi na zips. Lem s vn\u00fatorn\u00fdmi bo\u010dn\u00fdmi nastavova\u010dmi.<br \/>Zlo\u017eenie: Pl\u00e1\u0161\u0165: 92% polyester \/ 8% elastan.<br \/>\nPod\u0161\u00edvka: 100% extra tepl\u00fd mikrofleece polyester., 300 gsm.<br \/>Pozn\u00e1mky: * Odoln\u00fd vo\u010di vode.<br \/>\n*Vetruodoln\u00fd model.<br \/>\n*Pri tla\u010di v\u017edy zv\u00e1\u017ete obmedzenia tohto typu tkaniny a potrebu chr\u00e1ni\u0165 atrament pred migr\u00e1ciou.<br \/><img decoding=\"async\" src=\"https:\/\/static.gorfactory.es\/pics\/measures\/RA1199.jpg\"><\/p>","protected":false},"excerpt":{"rendered":"<p>2-layer softshell gillet with warm inner lining in microfleece fabric. Inverted central zip with contrasting chin protector and puller. Two<\/p>","protected":false},"featured_media":27292,"comment_status":"open","ping_status":"closed","template":"","meta":[],"product_cat":[432,516,513],"product_tag":[],"class_list":{"0":"post-27291","1":"product","2":"type-product","3":"status-publish","4":"has-post-thumbnail","6":"product_cat-coats-jackets","7":"product_cat-softshell","8":"product_cat-cha","10":"first","11":"instock","12":"shipping-taxable","13":"purchasable","14":"product-type-variable"},"_links":{"self":[{"href":"https:\/\/www.promotio.sk\/sk\/wp-json\/wp\/v2\/product\/27291","targetHints":{"allow":["GET"]}}],"collection":[{"href":"https:\/\/www.promotio.sk\/sk\/wp-json\/wp\/v2\/product"}],"about":[{"href":"https:\/\/www.promotio.sk\/sk\/wp-json\/wp\/v2\/types\/product"}],"replies":[{"embeddable":true,"href":"https:\/\/www.promotio.sk\/sk\/wp-json\/wp\/v2\/comments?post=27291"}],"wp:featuredmedia":[{"embeddable":true,"href":"https:\/\/www.promotio.sk\/sk\/wp-json\/wp\/v2\/media\/27292"}],"wp:attachment":[{"href":"https:\/\/www.promotio.sk\/sk\/wp-json\/wp\/v2\/media?parent=27291"}],"wp:term":[{"taxonomy":"product_cat","embeddable":true,"href":"https:\/\/www.promotio.sk\/sk\/wp-json\/wp\/v2\/product_cat?post=27291"},{"taxonomy":"product_tag","embeddable":true,"href":"https:\/\/www.promotio.sk\/sk\/wp-json\/wp\/v2\/product_tag?post=27291"}],"curies":[{"name":"wp","href":"https:\/\/api.w.org\/{rel}","templated":true}]}}