{"id":27197,"date":"2024-03-11T12:45:52","date_gmt":"2024-03-11T11:45:52","guid":{"rendered":"https:\/\/www.promotio.sk\/shop\/nezaraden\u00e9\/nepal\/"},"modified":"2024-03-11T21:03:16","modified_gmt":"2024-03-11T20:03:16","slug":"nepal","status":"publish","type":"product","link":"https:\/\/www.promotio.sk\/sk\/shop\/promo-clothing\/coats-jackets\/jackets\/nepal\/","title":{"rendered":"NEP\u00c1L"},"content":{"rendered":"<p>Polstrovan\u00e1 \u0161portov\u00e1 parka.<br \/>\n\u00b7 Kapuc\u0148a s \u0161iltom.<br \/>\n\u00b7 Predn\u00fd zips so zodpovedaj\u00facim s\u0165ahova\u010dom a chr\u00e1ni\u010dom brady.<br \/>\n\u00b7 Elastick\u00e9 man\u017eety.<br \/>\n\u00b7 Dve bo\u010dn\u00e9 vreck\u00e1 so zipsom.<br \/>\n\u00b7 Vn\u00fatorn\u00e9 \u013eav\u00e9 n\u00e1prsn\u00e9 vrecko.<br \/>\n\u00b7 Vn\u00fatorn\u00fd pr\u00edstup na op\u00e4tovn\u00e9 spracovanie.<br \/>Zlo\u017eenie: Pl\u00e1\u0161\u0165: 100% polyester, taft<br \/>\nV\u00fdpl\u0148: 100% polyester<br \/>\nPod\u0161\u00edvka: 100% polyester, taft<br \/>\n708 g\/m\u00b2<br \/>Pozn\u00e1mky: * Odn\u00edmate\u013en\u00fd \u0161t\u00edtok.<br \/>\n* Vodotesn\u00fd.<br \/>\n* Odoln\u00e9 vo\u010di vetru.<br \/><img decoding=\"async\" src=\"https:\/\/static.gorfactory.es\/pics\/measures\/PK_HO.jpg\"><\/p>","protected":false},"excerpt":{"rendered":"<p>Padded sports parka. \u00b7 Hood with peak. \u00b7 Front zip with matching puller and chin protector. \u00b7 Elastic cuffs. \u00b7<\/p>","protected":false},"featured_media":27198,"comment_status":"open","ping_status":"closed","template":"","meta":[],"product_cat":[432,531],"product_tag":[],"class_list":{"0":"post-27197","1":"product","2":"type-product","3":"status-publish","4":"has-post-thumbnail","6":"product_cat-coats-jackets","7":"product_cat-jackets","9":"first","10":"instock","11":"shipping-taxable","12":"purchasable","13":"product-type-variable"},"_links":{"self":[{"href":"https:\/\/www.promotio.sk\/sk\/wp-json\/wp\/v2\/product\/27197","targetHints":{"allow":["GET"]}}],"collection":[{"href":"https:\/\/www.promotio.sk\/sk\/wp-json\/wp\/v2\/product"}],"about":[{"href":"https:\/\/www.promotio.sk\/sk\/wp-json\/wp\/v2\/types\/product"}],"replies":[{"embeddable":true,"href":"https:\/\/www.promotio.sk\/sk\/wp-json\/wp\/v2\/comments?post=27197"}],"wp:featuredmedia":[{"embeddable":true,"href":"https:\/\/www.promotio.sk\/sk\/wp-json\/wp\/v2\/media\/27198"}],"wp:attachment":[{"href":"https:\/\/www.promotio.sk\/sk\/wp-json\/wp\/v2\/media?parent=27197"}],"wp:term":[{"taxonomy":"product_cat","embeddable":true,"href":"https:\/\/www.promotio.sk\/sk\/wp-json\/wp\/v2\/product_cat?post=27197"},{"taxonomy":"product_tag","embeddable":true,"href":"https:\/\/www.promotio.sk\/sk\/wp-json\/wp\/v2\/product_tag?post=27197"}],"curies":[{"name":"wp","href":"https:\/\/api.w.org\/{rel}","templated":true}]}}