{"id":27152,"date":"2024-03-11T12:41:48","date_gmt":"2024-03-11T11:41:48","guid":{"rendered":"https:\/\/www.promotio.sk\/shop\/nezaraden\u00e9\/europa-woman\/"},"modified":"2024-03-11T21:02:25","modified_gmt":"2024-03-11T20:02:25","slug":"europa-woman","status":"publish","type":"product","link":"https:\/\/www.promotio.sk\/sk\/shop\/promo-clothing\/coats-jackets\/jackets\/europa-woman\/","title":{"rendered":"EUROPA \u017dENA"},"content":{"rendered":"<p>Vypasovan\u00e1 a polstrovan\u00e1 nepremokav\u00e1 bunda.<br \/>\n\u00b7 Tvarovan\u00fd centr\u00e1lny zips s chlop\u0148ou.<br \/>\n\u00b7 Vysok\u00fd krk so skladacou kapuc\u0148ou.<br \/>\n\u00b7 Bo\u010dn\u00e9 vreck\u00e1 na zips s chlop\u0148ou.<br \/>\n\u00b7 Dve vn\u00fatorn\u00e9 vreck\u00e1 na hrudi so zap\u00ednan\u00edm na such\u00fd zips.<br \/>\n\u00b7 Vn\u00fatorn\u00fd pr\u00edstup pre sie\u0165otla\u010d alebo v\u00fd\u0161ivku.<\/p>\n<p>Zlo\u017eenie: Pl\u00e1\u0161\u0165: 100% vodeodoln\u00fd polyester.<br \/>\nPod\u0161\u00edvka: 100% polyester.<br \/>\nV\u00fdpl\u0148: 100% polyester.<br \/>\n400 gsm.<br \/>Pozn\u00e1mky: * Slim-fit v d\u00e1mskom modeli.<br \/>\n* Vn\u00fatorn\u00fd \u013eahk\u00fd pr\u00edstup pre potla\u010d alebo vy\u0161\u00edvanie.<br \/>\n* Vodotesn\u00fd.<br \/>\n* Odoln\u00e9 vo\u010di vetru.<br \/>\n* Koncept duo.<br \/>\n<br \/><img decoding=\"async\" src=\"https:\/\/static.gorfactory.es\/pics\/measures\/PK5078.jpg\"><\/p>","protected":false},"excerpt":{"rendered":"<p>Fitted and padded waterproof jacket. \u00b7 Molded central zipper with matching flap. \u00b7 High neck with foldable hood. \u00b7 Zippered<\/p>","protected":false},"featured_media":27153,"comment_status":"open","ping_status":"closed","template":"","meta":[],"product_cat":[432,531],"product_tag":[],"class_list":{"0":"post-27152","1":"product","2":"type-product","3":"status-publish","4":"has-post-thumbnail","6":"product_cat-coats-jackets","7":"product_cat-jackets","9":"first","10":"instock","11":"shipping-taxable","12":"purchasable","13":"product-type-variable"},"_links":{"self":[{"href":"https:\/\/www.promotio.sk\/sk\/wp-json\/wp\/v2\/product\/27152","targetHints":{"allow":["GET"]}}],"collection":[{"href":"https:\/\/www.promotio.sk\/sk\/wp-json\/wp\/v2\/product"}],"about":[{"href":"https:\/\/www.promotio.sk\/sk\/wp-json\/wp\/v2\/types\/product"}],"replies":[{"embeddable":true,"href":"https:\/\/www.promotio.sk\/sk\/wp-json\/wp\/v2\/comments?post=27152"}],"wp:featuredmedia":[{"embeddable":true,"href":"https:\/\/www.promotio.sk\/sk\/wp-json\/wp\/v2\/media\/27153"}],"wp:attachment":[{"href":"https:\/\/www.promotio.sk\/sk\/wp-json\/wp\/v2\/media?parent=27152"}],"wp:term":[{"taxonomy":"product_cat","embeddable":true,"href":"https:\/\/www.promotio.sk\/sk\/wp-json\/wp\/v2\/product_cat?post=27152"},{"taxonomy":"product_tag","embeddable":true,"href":"https:\/\/www.promotio.sk\/sk\/wp-json\/wp\/v2\/product_tag?post=27152"}],"curies":[{"name":"wp","href":"https:\/\/api.w.org\/{rel}","templated":true}]}}