{"id":27080,"date":"2024-03-11T12:36:26","date_gmt":"2024-03-11T11:36:26","guid":{"rendered":"https:\/\/www.promotio.sk\/shop\/nezaraden\u00e9\/europa\/"},"modified":"2024-03-11T21:02:13","modified_gmt":"2024-03-11T20:02:13","slug":"europa","status":"publish","type":"product","link":"https:\/\/www.promotio.sk\/sk\/shop\/promo-clothing\/coats-jackets\/jackets\/europa\/","title":{"rendered":"EUROPA"},"content":{"rendered":"<p>Polstrovan\u00e1 nepremokav\u00e1 bunda.<br \/>\n\u00b7 Stredov\u00fd lisovan\u00fd zips so zodpovedaj\u00facou chlop\u0148ou.<br \/>\n\u00b7 Vysok\u00fd krk so skladacou kapuc\u0148ou.<br \/>\n\u00b7 Bo\u010dn\u00e9 vreck\u00e1 so zipsom a chlop\u0148ou.<br \/>\n\u00b7 Nastavite\u013en\u00e9 man\u017eety s popruhmi.<br \/>\n\u00b7 Dve vn\u00fatorn\u00e9 vreck\u00e1 so zap\u00ednan\u00edm na such\u00fd zips.<br \/>\n\u00b7 Vn\u00fatorn\u00fd pr\u00edstup pre sie\u0165otla\u010d a vy\u0161\u00edvanie.<\/p>\n<p>Zlo\u017eenie: Pl\u00e1\u0161\u0165: 100% vodeodoln\u00fd polyester.<br \/>\nPod\u0161\u00edvka: 100% polyester.<br \/>\nV\u00fdpl\u0148: 100% polyester.<br \/>\n400 gsm.<br \/>Pozn\u00e1mky: *Detsk\u00e9 ve\u013ekosti dostupn\u00e9 v n\u00e1morn\u00edckej 55, \u010dervenej 60 a \u010diernej 02.<br \/>\n*Priamy strih v d\u00e1mskom modeli.<br \/>\n* \u013dahk\u00fd pr\u00edstup do interi\u00e9ru pre potla\u010d alebo vy\u0161\u00edvanie.<br \/>\n*Vodoodoln\u00fd.<br \/>\n*Vetruvzdorn\u00e9.<br \/>\n*Koncept duo.<br \/><img decoding=\"async\" src=\"https:\/\/static.gorfactory.es\/pics\/measures\/PK5077.jpg\"><\/p>","protected":false},"excerpt":{"rendered":"<p>Padded waterproof jacket. \u00b7 Central molded zipper with matching flap. \u00b7 High neck with foldable hood. \u00b7 Side pockets with<\/p>","protected":false},"featured_media":27081,"comment_status":"open","ping_status":"closed","template":"","meta":[],"product_cat":[432,531],"product_tag":[],"class_list":{"0":"post-27080","1":"product","2":"type-product","3":"status-publish","4":"has-post-thumbnail","6":"product_cat-coats-jackets","7":"product_cat-jackets","9":"first","10":"instock","11":"shipping-taxable","12":"purchasable","13":"product-type-variable"},"_links":{"self":[{"href":"https:\/\/www.promotio.sk\/sk\/wp-json\/wp\/v2\/product\/27080","targetHints":{"allow":["GET"]}}],"collection":[{"href":"https:\/\/www.promotio.sk\/sk\/wp-json\/wp\/v2\/product"}],"about":[{"href":"https:\/\/www.promotio.sk\/sk\/wp-json\/wp\/v2\/types\/product"}],"replies":[{"embeddable":true,"href":"https:\/\/www.promotio.sk\/sk\/wp-json\/wp\/v2\/comments?post=27080"}],"wp:featuredmedia":[{"embeddable":true,"href":"https:\/\/www.promotio.sk\/sk\/wp-json\/wp\/v2\/media\/27081"}],"wp:attachment":[{"href":"https:\/\/www.promotio.sk\/sk\/wp-json\/wp\/v2\/media?parent=27080"}],"wp:term":[{"taxonomy":"product_cat","embeddable":true,"href":"https:\/\/www.promotio.sk\/sk\/wp-json\/wp\/v2\/product_cat?post=27080"},{"taxonomy":"product_tag","embeddable":true,"href":"https:\/\/www.promotio.sk\/sk\/wp-json\/wp\/v2\/product_tag?post=27080"}],"curies":[{"name":"wp","href":"https:\/\/api.w.org\/{rel}","templated":true}]}}